{"id":95,"date":"2024-05-28T11:41:42","date_gmt":"2024-05-28T11:41:42","guid":{"rendered":"https:\/\/nextgeninteraction.com\/about\/"},"modified":"2025-05-12T12:27:00","modified_gmt":"2025-05-12T12:27:00","slug":"about-us","status":"publish","type":"page","link":"https:\/\/nextgeninteraction.com\/hu\/about-us\/","title":{"rendered":"R\u00f3lunk"},"content":{"rendered":"<div data-elementor-type=\"wp-page\" data-elementor-id=\"95\" class=\"elementor elementor-95\">\n\t\t\t\t<div class=\"elementor-element elementor-element-73c1815 twbb_section e-flex e-con-boxed e-con e-parent\" data-id=\"73c1815\" data-element_type=\"container\" data-e-type=\"container\" data-settings=\"{&quot;background_background&quot;:&quot;classic&quot;,&quot;background_motion_fx_motion_fx_scrolling&quot;:&quot;yes&quot;,&quot;background_motion_fx_scale_effect&quot;:&quot;yes&quot;,&quot;background_motion_fx_scale_speed&quot;:{&quot;unit&quot;:&quot;px&quot;,&quot;size&quot;:7,&quot;sizes&quot;:[]},&quot;background_motion_fx_devices&quot;:[&quot;desktop&quot;,&quot;tablet&quot;],&quot;background_motion_fx_scale_direction&quot;:&quot;out-in&quot;,&quot;background_motion_fx_scale_range&quot;:{&quot;unit&quot;:&quot;%&quot;,&quot;size&quot;:&quot;&quot;,&quot;sizes&quot;:{&quot;start&quot;:20,&quot;end&quot;:80}}}\">\n\t\t\t\t\t<div class=\"e-con-inner\">\n\t\t\t\t<div class=\"elementor-element elementor-element-ec29866 twbb-headline--style-rotate elementor-widget__width-inherit elementor-hidden-tablet elementor-hidden-mobile elementor-widget elementor-widget-twbbanimated-headline\" data-id=\"ec29866\" data-element_type=\"widget\" data-e-type=\"widget\" data-settings=\"{&quot;headline_style&quot;:&quot;rotate&quot;,&quot;animation_type&quot;:&quot;clip&quot;,&quot;rotating_text&quot;:&quot;About us\\nResponsibility &amp; Integrity \\nExpertise &amp; Excellence \\nTeamwork &amp; Collaboration &quot;}\" data-widget_type=\"twbbanimated-headline.default\">\n\t\t\t\t<div class=\"elementor-widget-container\">\n\t\t\t\t\t    <h3 class=\"twbb-headline twbb-headline-animation-type-clip\">\n        <span class=\"twbb-headline-dynamic-wrapper twbb-headline-text-wrapper\"><\/span>\n        <\/h3>\n    \t\t\t\t<\/div>\n\t\t\t\t<\/div>\n\t\t\t\t<div class=\"elementor-element elementor-element-c54500a elementor-hidden-desktop elementor-invisible elementor-widget elementor-widget-heading\" data-id=\"c54500a\" data-element_type=\"widget\" data-e-type=\"widget\" data-settings=\"{&quot;_animation&quot;:&quot;fadeInUp&quot;}\" data-widget_type=\"heading.default\">\n\t\t\t\t<div class=\"elementor-widget-container\">\n\t\t\t\t\t<h2 class=\"elementor-heading-title elementor-size-default\">R\u00f3lunk<\/h2>\t\t\t\t<\/div>\n\t\t\t\t<\/div>\n\t\t\t\t<div class=\"elementor-element elementor-element-d744826 elementor-invisible elementor-widget elementor-widget-text-editor\" data-id=\"d744826\" data-element_type=\"widget\" data-e-type=\"widget\" data-settings=\"{&quot;_animation&quot;:&quot;fadeInUp&quot;}\" data-widget_type=\"text-editor.default\">\n\t\t\t\t<div class=\"elementor-widget-container\">\n\t\t\t\t\t\t\t\t\t<p>V\u00e9delmet, innov\u00e1ci\u00f3t \u00e9s hat\u00e9konys\u00e1got ny\u00fajtunk \u2013 egy k\u00e9zb\u0151l.<\/p>\t\t\t\t\t\t\t\t<\/div>\n\t\t\t\t<\/div>\n\t\t\t\t\t<\/div>\n\t\t\t\t<\/div>\n\t\t<div class=\"elementor-element elementor-element-44937c8 e-flex e-con-boxed e-con e-parent\" data-id=\"44937c8\" data-element_type=\"container\" data-e-type=\"container\">\n\t\t\t\t\t<div class=\"e-con-inner\">\n\t\t\t\t<div class=\"elementor-element elementor-element-56c37f1 elementor-widget elementor-widget-spacer\" data-id=\"56c37f1\" data-element_type=\"widget\" data-e-type=\"widget\" data-widget_type=\"spacer.default\">\n\t\t\t\t<div class=\"elementor-widget-container\">\n\t\t\t\t\t\t\t<div class=\"elementor-spacer\">\n\t\t\t<div class=\"elementor-spacer-inner\"><\/div>\n\t\t<\/div>\n\t\t\t\t\t\t<\/div>\n\t\t\t\t<\/div>\n\t\t\t\t<div class=\"elementor-element elementor-element-1ccc965 elementor-widget elementor-widget-text-editor\" data-id=\"1ccc965\" data-element_type=\"widget\" data-e-type=\"widget\" data-widget_type=\"text-editor.default\">\n\t\t\t\t<div class=\"elementor-widget-container\">\n\t\t\t\t\t\t\t\t\t<p>We are a team of dedicated professionals passionate about AI, cybersecurity, and IT innovation. Our mission is to empower businesses with cutting-edge consulting, strategy, and digital transformation solutions. With a strong focus on customer-centricity, integrity, expertise, and teamwork, we help organizations navigate complex challenges, enhance security, and drive sustainable growth in the digital era.<\/p>\t\t\t\t\t\t\t\t<\/div>\n\t\t\t\t<\/div>\n\t\t\t\t\t<\/div>\n\t\t\t\t<\/div>\n\t\t<div class=\"elementor-element elementor-element-d30e067 e-flex e-con-boxed e-con e-parent\" data-id=\"d30e067\" data-element_type=\"container\" data-e-type=\"container\">\n\t\t\t\t\t<div class=\"e-con-inner\">\n\t\t<div class=\"elementor-element elementor-element-8b6b384 e-grid e-con-full e-con e-child\" data-id=\"8b6b384\" data-element_type=\"container\" data-e-type=\"container\">\n\t\t<div class=\"elementor-element elementor-element-4fcdabb e-con-full e-flex e-con e-child\" data-id=\"4fcdabb\" data-element_type=\"container\" data-e-type=\"container\">\n\t\t\t\t<div class=\"elementor-element elementor-element-b335495 elementor-widget elementor-widget-heading\" data-id=\"b335495\" data-element_type=\"widget\" data-e-type=\"widget\" data-widget_type=\"heading.default\">\n\t\t\t\t<div class=\"elementor-widget-container\">\n\t\t\t\t\t<h2 class=\"elementor-heading-title elementor-size-default\">Customer-Centric Approach <\/h2>\t\t\t\t<\/div>\n\t\t\t\t<\/div>\n\t\t\t\t<div class=\"elementor-element elementor-element-87ec7c5 elementor-widget elementor-widget-text-editor\" data-id=\"87ec7c5\" data-element_type=\"widget\" data-e-type=\"widget\" data-widget_type=\"text-editor.default\">\n\t\t\t\t<div class=\"elementor-widget-container\">\n\t\t\t\t\t\t\t\t\t<p>We prioritize our clients&#8217; needs, delivering tailored solutions that create real value and long-term success.<\/p>\t\t\t\t\t\t\t\t<\/div>\n\t\t\t\t<\/div>\n\t\t\t\t<\/div>\n\t\t<div class=\"elementor-element elementor-element-f77731c e-con-full e-flex e-con e-child\" data-id=\"f77731c\" data-element_type=\"container\" data-e-type=\"container\">\n\t\t\t\t<div class=\"elementor-element elementor-element-0bcf26a elementor-widget elementor-widget-heading\" data-id=\"0bcf26a\" data-element_type=\"widget\" data-e-type=\"widget\" data-widget_type=\"heading.default\">\n\t\t\t\t<div class=\"elementor-widget-container\">\n\t\t\t\t\t<h2 class=\"elementor-heading-title elementor-size-default\">Responsibility &amp; Integrity <\/h2>\t\t\t\t<\/div>\n\t\t\t\t<\/div>\n\t\t\t\t<div class=\"elementor-element elementor-element-0d61873 elementor-widget elementor-widget-text-editor\" data-id=\"0d61873\" data-element_type=\"widget\" data-e-type=\"widget\" data-widget_type=\"text-editor.default\">\n\t\t\t\t<div class=\"elementor-widget-container\">\n\t\t\t\t\t\t\t\t\t<p>We operate with transparency and accountability, ensuring ethical and fair collaboration in every project.<\/p>\t\t\t\t\t\t\t\t<\/div>\n\t\t\t\t<\/div>\n\t\t\t\t<\/div>\n\t\t<div class=\"elementor-element elementor-element-4e3e861 e-con-full e-flex e-con e-child\" data-id=\"4e3e861\" data-element_type=\"container\" data-e-type=\"container\">\n\t\t\t\t<div class=\"elementor-element elementor-element-e22e8cf elementor-widget elementor-widget-heading\" data-id=\"e22e8cf\" data-element_type=\"widget\" data-e-type=\"widget\" data-widget_type=\"heading.default\">\n\t\t\t\t<div class=\"elementor-widget-container\">\n\t\t\t\t\t<h2 class=\"elementor-heading-title elementor-size-default\">Expertise &amp; Excellence <\/h2>\t\t\t\t<\/div>\n\t\t\t\t<\/div>\n\t\t\t\t<div class=\"elementor-element elementor-element-c308242 elementor-widget elementor-widget-text-editor\" data-id=\"c308242\" data-element_type=\"widget\" data-e-type=\"widget\" data-widget_type=\"text-editor.default\">\n\t\t\t\t<div class=\"elementor-widget-container\">\n\t\t\t\t\t\t\t\t\t<p>Our deep industry knowledge and continuous learning enable us to provide innovative, high-quality solutions.<\/p>\t\t\t\t\t\t\t\t<\/div>\n\t\t\t\t<\/div>\n\t\t\t\t<\/div>\n\t\t<div class=\"elementor-element elementor-element-84c65c4 e-con-full e-flex e-con e-child\" data-id=\"84c65c4\" data-element_type=\"container\" data-e-type=\"container\">\n\t\t\t\t<div class=\"elementor-element elementor-element-3c5462c elementor-widget elementor-widget-heading\" data-id=\"3c5462c\" data-element_type=\"widget\" data-e-type=\"widget\" data-widget_type=\"heading.default\">\n\t\t\t\t<div class=\"elementor-widget-container\">\n\t\t\t\t\t<h2 class=\"elementor-heading-title elementor-size-default\">Teamwork &amp; Collaboration <\/h2>\t\t\t\t<\/div>\n\t\t\t\t<\/div>\n\t\t\t\t<div class=\"elementor-element elementor-element-8273eb0 elementor-widget elementor-widget-text-editor\" data-id=\"8273eb0\" data-element_type=\"widget\" data-e-type=\"widget\" data-widget_type=\"text-editor.default\">\n\t\t\t\t<div class=\"elementor-widget-container\">\n\t\t\t\t\t\t\t\t\t<p>We believe in the power of strong partnerships, fostering open communication and collective problem-solving.<\/p>\t\t\t\t\t\t\t\t<\/div>\n\t\t\t\t<\/div>\n\t\t\t\t<\/div>\n\t\t\t\t<\/div>\n\t\t\t\t\t<\/div>\n\t\t\t\t<\/div>\n\t\t\t\t<\/div>","protected":false},"excerpt":{"rendered":"<p>About us Empowering Your Business with Tailored IT Solutions, Cybersecurity Expertise, and Cutting-Edge AI Strategies We are a team of dedicated professionals passionate about AI, cybersecurity, and IT innovation. Our mission is to empower businesses with cutting-edge consulting, strategy, and digital transformation solutions. With a strong focus on customer-centricity, integrity, expertise, and teamwork, we help [&hellip;]<\/p>","protected":false},"author":3,"featured_media":0,"parent":0,"menu_order":0,"comment_status":"closed","ping_status":"closed","template":"elementor_header_footer","meta":{"two_page_speed":[],"footnotes":""},"class_list":["post-95","page","type-page","status-publish","hentry"],"yoast_head":"<!-- This site is optimized with the Yoast SEO plugin v25.0 - https:\/\/yoast.com\/wordpress\/plugins\/seo\/ -->\n<title>About us - Customized Management, IT, and Information Security Solutions for Your Business<\/title>\n<meta name=\"description\" content=\"About us Empowering Your Business with Tailored IT Solutions, Cybersecurity Expertise, and Cutting-Edge AI Strategies We are a team of dedicated\" \/>\n<meta name=\"robots\" content=\"index, follow, max-snippet:-1, max-image-preview:large, max-video-preview:-1\" \/>\n<link rel=\"canonical\" href=\"https:\/\/nextgeninteraction.com\/hu\/about-us\/\" \/>\n<meta property=\"og:locale\" content=\"hu_HU\" \/>\n<meta property=\"og:type\" content=\"article\" \/>\n<meta property=\"og:title\" content=\"About us - Customized Management, IT, and Information Security Solutions for Your Business\" \/>\n<meta property=\"og:description\" content=\"About us Empowering Your Business with Tailored IT Solutions, Cybersecurity Expertise, and Cutting-Edge AI Strategies We are a team of dedicated\" \/>\n<meta property=\"og:url\" content=\"https:\/\/nextgeninteraction.com\/hu\/about-us\/\" \/>\n<meta property=\"og:site_name\" content=\"NextGen Interaction Kft.\" \/>\n<meta property=\"article:modified_time\" content=\"2025-05-12T12:27:00+00:00\" \/>\n<meta property=\"og:image\" content=\"https:\/\/nextgeninteraction.com\/wp-content\/uploads\/2025\/03\/cropped-logo_black.png\" \/>\n\t<meta property=\"og:image:width\" content=\"512\" \/>\n\t<meta property=\"og:image:height\" content=\"512\" \/>\n\t<meta property=\"og:image:type\" content=\"image\/png\" \/>\n<meta name=\"twitter:card\" content=\"summary_large_image\" \/>\n<meta name=\"twitter:label1\" content=\"Becs\u00fclt olvas\u00e1si id\u0151\" \/>\n\t<meta name=\"twitter:data1\" content=\"7 perc\" \/>\n<script type=\"application\/ld+json\" class=\"yoast-schema-graph\">{\"@context\":\"https:\/\/schema.org\",\"@graph\":[{\"@type\":\"WebPage\",\"@id\":\"https:\/\/nextgeninteraction.com\/about-us\/\",\"url\":\"https:\/\/nextgeninteraction.com\/about-us\/\",\"name\":\"About us - Customized Management, IT, and Information Security Solutions for Your Business\",\"isPartOf\":{\"@id\":\"https:\/\/nextgeninteraction.com\/#website\"},\"datePublished\":\"2024-05-28T11:41:42+00:00\",\"dateModified\":\"2025-05-12T12:27:00+00:00\",\"description\":\"About us Empowering Your Business with Tailored IT Solutions, Cybersecurity Expertise, and Cutting-Edge AI Strategies We are a team of dedicated\",\"breadcrumb\":{\"@id\":\"https:\/\/nextgeninteraction.com\/about-us\/#breadcrumb\"},\"inLanguage\":\"hu\",\"potentialAction\":[{\"@type\":\"ReadAction\",\"target\":[\"https:\/\/nextgeninteraction.com\/about-us\/\"]}]},{\"@type\":\"BreadcrumbList\",\"@id\":\"https:\/\/nextgeninteraction.com\/about-us\/#breadcrumb\",\"itemListElement\":[{\"@type\":\"ListItem\",\"position\":1,\"name\":\"Home\",\"item\":\"https:\/\/nextgeninteraction.com\/\"},{\"@type\":\"ListItem\",\"position\":2,\"name\":\"About us\"}]},{\"@type\":\"WebSite\",\"@id\":\"https:\/\/nextgeninteraction.com\/#website\",\"url\":\"https:\/\/nextgeninteraction.com\/\",\"name\":\"NextGen Interaction\",\"description\":\"Customized Management, IT, and Information Security Solutions for Your Business\",\"publisher\":{\"@id\":\"https:\/\/nextgeninteraction.com\/#organization\"},\"potentialAction\":[{\"@type\":\"SearchAction\",\"target\":{\"@type\":\"EntryPoint\",\"urlTemplate\":\"https:\/\/nextgeninteraction.com\/?s={search_term_string}\"},\"query-input\":{\"@type\":\"PropertyValueSpecification\",\"valueRequired\":true,\"valueName\":\"search_term_string\"}}],\"inLanguage\":\"hu\"},{\"@type\":\"Organization\",\"@id\":\"https:\/\/nextgeninteraction.com\/#organization\",\"name\":\"NextGen Interaction Kft.\",\"url\":\"https:\/\/nextgeninteraction.com\/\",\"logo\":{\"@type\":\"ImageObject\",\"inLanguage\":\"hu\",\"@id\":\"https:\/\/nextgeninteraction.com\/#\/schema\/logo\/image\/\",\"url\":\"https:\/\/nextgeninteraction.com\/wp-content\/uploads\/2025\/03\/logo_black-e1741943738748.png\",\"contentUrl\":\"https:\/\/nextgeninteraction.com\/wp-content\/uploads\/2025\/03\/logo_black-e1741943738748.png\",\"width\":290,\"height\":232,\"caption\":\"NextGen Interaction Kft.\"},\"image\":{\"@id\":\"https:\/\/nextgeninteraction.com\/#\/schema\/logo\/image\/\"}}]}<\/script>\n<!-- \/ Yoast SEO plugin. -->","yoast_head_json":{"title":"About us - Customized Management, IT, and Information Security Solutions for Your Business","description":"About us Empowering Your Business with Tailored IT Solutions, Cybersecurity Expertise, and Cutting-Edge AI Strategies We are a team of dedicated","robots":{"index":"index","follow":"follow","max-snippet":"max-snippet:-1","max-image-preview":"max-image-preview:large","max-video-preview":"max-video-preview:-1"},"canonical":"https:\/\/nextgeninteraction.com\/hu\/about-us\/","og_locale":"hu_HU","og_type":"article","og_title":"About us - Customized Management, IT, and Information Security Solutions for Your Business","og_description":"About us Empowering Your Business with Tailored IT Solutions, Cybersecurity Expertise, and Cutting-Edge AI Strategies We are a team of dedicated","og_url":"https:\/\/nextgeninteraction.com\/hu\/about-us\/","og_site_name":"NextGen Interaction Kft.","article_modified_time":"2025-05-12T12:27:00+00:00","og_image":[{"width":512,"height":512,"url":"https:\/\/nextgeninteraction.com\/wp-content\/uploads\/2025\/03\/cropped-logo_black.png","type":"image\/png"}],"twitter_card":"summary_large_image","twitter_misc":{"Becs\u00fclt olvas\u00e1si id\u0151":"7 perc"},"schema":{"@context":"https:\/\/schema.org","@graph":[{"@type":"WebPage","@id":"https:\/\/nextgeninteraction.com\/about-us\/","url":"https:\/\/nextgeninteraction.com\/about-us\/","name":"About us - Customized Management, IT, and Information Security Solutions for Your Business","isPartOf":{"@id":"https:\/\/nextgeninteraction.com\/#website"},"datePublished":"2024-05-28T11:41:42+00:00","dateModified":"2025-05-12T12:27:00+00:00","description":"About us Empowering Your Business with Tailored IT Solutions, Cybersecurity Expertise, and Cutting-Edge AI Strategies We are a team of dedicated","breadcrumb":{"@id":"https:\/\/nextgeninteraction.com\/about-us\/#breadcrumb"},"inLanguage":"hu","potentialAction":[{"@type":"ReadAction","target":["https:\/\/nextgeninteraction.com\/about-us\/"]}]},{"@type":"BreadcrumbList","@id":"https:\/\/nextgeninteraction.com\/about-us\/#breadcrumb","itemListElement":[{"@type":"ListItem","position":1,"name":"Home","item":"https:\/\/nextgeninteraction.com\/"},{"@type":"ListItem","position":2,"name":"About us"}]},{"@type":"WebSite","@id":"https:\/\/nextgeninteraction.com\/#website","url":"https:\/\/nextgeninteraction.com\/","name":"NextGen Interaction","description":"Customized Management, IT, and Information Security Solutions for Your Business","publisher":{"@id":"https:\/\/nextgeninteraction.com\/#organization"},"potentialAction":[{"@type":"SearchAction","target":{"@type":"EntryPoint","urlTemplate":"https:\/\/nextgeninteraction.com\/?s={search_term_string}"},"query-input":{"@type":"PropertyValueSpecification","valueRequired":true,"valueName":"search_term_string"}}],"inLanguage":"hu"},{"@type":"Organization","@id":"https:\/\/nextgeninteraction.com\/#organization","name":"NextGen Interaction Kft.","url":"https:\/\/nextgeninteraction.com\/","logo":{"@type":"ImageObject","inLanguage":"hu","@id":"https:\/\/nextgeninteraction.com\/#\/schema\/logo\/image\/","url":"https:\/\/nextgeninteraction.com\/wp-content\/uploads\/2025\/03\/logo_black-e1741943738748.png","contentUrl":"https:\/\/nextgeninteraction.com\/wp-content\/uploads\/2025\/03\/logo_black-e1741943738748.png","width":290,"height":232,"caption":"NextGen Interaction Kft."},"image":{"@id":"https:\/\/nextgeninteraction.com\/#\/schema\/logo\/image\/"}}]}},"_links":{"self":[{"href":"https:\/\/nextgeninteraction.com\/hu\/wp-json\/wp\/v2\/pages\/95","targetHints":{"allow":["GET"]}}],"collection":[{"href":"https:\/\/nextgeninteraction.com\/hu\/wp-json\/wp\/v2\/pages"}],"about":[{"href":"https:\/\/nextgeninteraction.com\/hu\/wp-json\/wp\/v2\/types\/page"}],"author":[{"embeddable":true,"href":"https:\/\/nextgeninteraction.com\/hu\/wp-json\/wp\/v2\/users\/3"}],"replies":[{"embeddable":true,"href":"https:\/\/nextgeninteraction.com\/hu\/wp-json\/wp\/v2\/comments?post=95"}],"version-history":[{"count":0,"href":"https:\/\/nextgeninteraction.com\/hu\/wp-json\/wp\/v2\/pages\/95\/revisions"}],"wp:attachment":[{"href":"https:\/\/nextgeninteraction.com\/hu\/wp-json\/wp\/v2\/media?parent=95"}],"curies":[{"name":"wp","href":"https:\/\/api.w.org\/{rel}","templated":true}]}}