{"id":1200,"date":"2025-05-12T10:38:26","date_gmt":"2025-05-12T10:38:26","guid":{"rendered":"https:\/\/nextgeninteraction.com\/?page_id=1200"},"modified":"2025-05-12T12:25:58","modified_gmt":"2025-05-12T12:25:58","slug":"privacy-policy","status":"publish","type":"page","link":"https:\/\/nextgeninteraction.com\/hu\/privacy-policy\/","title":{"rendered":"Adatv\u00e9delmi Szab\u00e1lyzatot"},"content":{"rendered":"<div data-elementor-type=\"wp-page\" data-elementor-id=\"1200\" class=\"elementor elementor-1200\">\n\t\t\t\t<div class=\"elementor-element elementor-element-13c5778 twbb_section e-flex e-con-boxed e-con e-parent\" data-id=\"13c5778\" data-element_type=\"container\" data-e-type=\"container\" data-settings=\"{&quot;background_background&quot;:&quot;classic&quot;,&quot;background_motion_fx_motion_fx_scrolling&quot;:&quot;yes&quot;,&quot;background_motion_fx_scale_effect&quot;:&quot;yes&quot;,&quot;background_motion_fx_scale_speed&quot;:{&quot;unit&quot;:&quot;px&quot;,&quot;size&quot;:7,&quot;sizes&quot;:[]},&quot;background_motion_fx_devices&quot;:[&quot;desktop&quot;],&quot;background_motion_fx_scale_direction&quot;:&quot;out-in&quot;,&quot;background_motion_fx_scale_range&quot;:{&quot;unit&quot;:&quot;%&quot;,&quot;size&quot;:&quot;&quot;,&quot;sizes&quot;:{&quot;start&quot;:20,&quot;end&quot;:80}}}\">\n\t\t\t\t\t<div class=\"e-con-inner\">\n\t\t\t\t<div class=\"elementor-element elementor-element-7e84b64 elementor-invisible elementor-widget elementor-widget-heading\" data-id=\"7e84b64\" data-element_type=\"widget\" data-e-type=\"widget\" data-settings=\"{&quot;_animation&quot;:&quot;fadeInUp&quot;}\" data-widget_type=\"heading.default\">\n\t\t\t\t<div class=\"elementor-widget-container\">\n\t\t\t\t\t<h2 class=\"elementor-heading-title elementor-size-default\">Adatv\u00e9delmi Szab\u00e1lyzatot<\/h2>\t\t\t\t<\/div>\n\t\t\t\t<\/div>\n\t\t\t\t\t<\/div>\n\t\t\t\t<\/div>\n\t\t<div class=\"elementor-element elementor-element-f019dfa e-flex e-con-boxed e-con e-parent\" data-id=\"f019dfa\" data-element_type=\"container\" data-e-type=\"container\">\n\t\t\t\t\t<div class=\"e-con-inner\">\n\t\t\t\t<div class=\"elementor-element elementor-element-a435e46 elementor-widget elementor-widget-text-editor\" data-id=\"a435e46\" data-element_type=\"widget\" data-e-type=\"widget\" data-widget_type=\"text-editor.default\">\n\t\t\t\t<div class=\"elementor-widget-container\">\n\t\t\t\t\t\t\t\t\t<p><strong>Effective Date<\/strong>: 06\/05\/2025 <br \/><strong>Website<\/strong>: <a href=\"http:\/\/www.nextgeninteractions.com\">www.nextgeninteractions.com<\/a><br \/><strong>Owner:<\/strong> NextGen Interactions (registered business information)<\/p>\t\t\t\t\t\t\t\t<\/div>\n\t\t\t\t<\/div>\n\t\t\t\t<div class=\"elementor-element elementor-element-854b74e elementor-widget elementor-widget-text-editor\" data-id=\"854b74e\" data-element_type=\"widget\" data-e-type=\"widget\" data-widget_type=\"text-editor.default\">\n\t\t\t\t<div class=\"elementor-widget-container\">\n\t\t\t\t\t\t\t\t\t<ol><li><strong>Introduction<\/strong> NextGen Interactions takes your privacy seriously. This Privacy Policy explains how we collect, use, and protect your personal data when you visit our website, in compliance with the General Data Protection Regulation (GDPR).<\/li><li><strong>Data Controller<\/strong> The data controller responsible for processing your data is:<\/li><\/ol><ul><li>NextGen Interaction Tan\u00e1csad\u00f3 \u00e9s Szolg\u00e1ltat\u00f3 Korl\u00e1tolt Felel\u0151ss\u00e9g\u0171 T\u00e1rsas\u00e1g<\/li><li>2367 \u00dajharty\u00e1n, Sz\u0151l\u0151sor utca 10.<\/li><li>info@nextgeninteraction.com<\/li><\/ul><ol><li><strong>Data We Collect<\/strong> We may collect the following data:<\/li><\/ol><ul><li>Name and contact information (if submitted through forms)<\/li><li>Email address<\/li><li>IP address and website usage data (via cookies and analytics tools) We do not collect special categories of personal data.<\/li><\/ul><ol><li><strong>How We Use Your Data<\/strong> We use your data to:<\/li><\/ol><ul><li>Respond to inquiries or requests submitted through the website<\/li><li>Improve the website and analyze traffic<\/li><li>Comply with legal obligations We will not sell or lease your data to third parties.<\/li><\/ul><ol><li><strong>Cookies<\/strong> This website uses cookies to enhance user experience and analyze traffic. By using this website, you consent to the use of cookies. You can manage cookie settings in your browser.<\/li><li><strong>Your Rights Under GDPR<\/strong> You have the right to:<\/li><\/ol><ul><li>Access your personal data<\/li><li>Request correction or deletion<\/li><li>Restrict or object to processing<\/li><li>Data portability<\/li><li>Lodge a complaint with a supervisory authority You can exercise these rights by contacting us at <strong><em>info@nextgeninteraction.com<\/em><\/strong>.<\/li><\/ul><ol><li><strong>Data Retention<\/strong> We retain personal data only as long as necessary to fulfill the purposes outlined in this policy, or as required by law.<\/li><li><strong>Data Security<\/strong> We implement appropriate technical and organizational measures to protect your data from unauthorized access, disclosure, alteration, or destruction.<\/li><li><strong>Changes to this Privacy Policy<\/strong> We may update this Privacy Policy from time to time. The latest version will always be available on this page.<\/li><li><strong>Kapcsolat<\/strong> For questions about this Privacy Policy, please contact us at: <strong><em>info@nextgeninteraction.com<\/em><\/strong><\/li><\/ol>\t\t\t\t\t\t\t\t<\/div>\n\t\t\t\t<\/div>\n\t\t\t\t\t<\/div>\n\t\t\t\t<\/div>\n\t\t\t\t<\/div>","protected":false},"excerpt":{"rendered":"<p>Privacy Policy Effective Date: 06\/05\/2025 Website: www.nextgeninteractions.comOwner: NextGen Interactions (registered business information) Introduction NextGen Interactions takes your privacy seriously. This Privacy Policy explains how we collect, use, and protect your personal data when you visit our website, in compliance with the General Data Protection Regulation (GDPR). Data Controller The data controller responsible for processing your [&hellip;]<\/p>","protected":false},"author":3,"featured_media":0,"parent":0,"menu_order":0,"comment_status":"closed","ping_status":"closed","template":"","meta":{"two_page_speed":[],"footnotes":""},"class_list":["post-1200","page","type-page","status-publish","hentry"],"yoast_head":"<!-- This site is optimized with the Yoast SEO plugin v25.0 - https:\/\/yoast.com\/wordpress\/plugins\/seo\/ -->\n<title>Privacy Policy - Customized Management, IT, and Information Security Solutions for Your Business<\/title>\n<meta name=\"description\" content=\"Privacy Policy Effective Date: 06\/05\/2025 Website: www.nextgeninteractions.comOwner: NextGen Interactions (registered business information)Introduction\" \/>\n<meta name=\"robots\" content=\"index, follow, max-snippet:-1, max-image-preview:large, max-video-preview:-1\" \/>\n<link rel=\"canonical\" href=\"https:\/\/nextgeninteraction.com\/hu\/privacy-policy\/\" \/>\n<meta property=\"og:locale\" content=\"hu_HU\" \/>\n<meta property=\"og:type\" content=\"article\" \/>\n<meta property=\"og:title\" content=\"Privacy Policy - Customized Management, IT, and Information Security Solutions for Your Business\" \/>\n<meta property=\"og:description\" content=\"Privacy Policy Effective Date: 06\/05\/2025 Website: www.nextgeninteractions.comOwner: NextGen Interactions (registered business information)Introduction\" \/>\n<meta property=\"og:url\" content=\"https:\/\/nextgeninteraction.com\/hu\/privacy-policy\/\" \/>\n<meta property=\"og:site_name\" content=\"NextGen Interaction Kft.\" \/>\n<meta property=\"article:modified_time\" content=\"2025-05-12T12:25:58+00:00\" \/>\n<meta property=\"og:image\" content=\"https:\/\/nextgeninteraction.com\/wp-content\/uploads\/2025\/03\/cropped-logo_black.png\" \/>\n\t<meta property=\"og:image:width\" content=\"512\" \/>\n\t<meta property=\"og:image:height\" content=\"512\" \/>\n\t<meta property=\"og:image:type\" content=\"image\/png\" \/>\n<meta name=\"twitter:card\" content=\"summary_large_image\" \/>\n<meta name=\"twitter:label1\" content=\"Becs\u00fclt olvas\u00e1si id\u0151\" \/>\n\t<meta name=\"twitter:data1\" content=\"3 perc\" \/>\n<script type=\"application\/ld+json\" class=\"yoast-schema-graph\">{\"@context\":\"https:\/\/schema.org\",\"@graph\":[{\"@type\":\"WebPage\",\"@id\":\"https:\/\/nextgeninteraction.com\/privacy-policy\/\",\"url\":\"https:\/\/nextgeninteraction.com\/privacy-policy\/\",\"name\":\"Privacy Policy - Customized Management, IT, and Information Security Solutions for Your Business\",\"isPartOf\":{\"@id\":\"https:\/\/nextgeninteraction.com\/#website\"},\"datePublished\":\"2025-05-12T10:38:26+00:00\",\"dateModified\":\"2025-05-12T12:25:58+00:00\",\"description\":\"Privacy Policy Effective Date: 06\/05\/2025 Website: www.nextgeninteractions.comOwner: NextGen Interactions (registered business information)Introduction\",\"breadcrumb\":{\"@id\":\"https:\/\/nextgeninteraction.com\/privacy-policy\/#breadcrumb\"},\"inLanguage\":\"hu\",\"potentialAction\":[{\"@type\":\"ReadAction\",\"target\":[\"https:\/\/nextgeninteraction.com\/privacy-policy\/\"]}]},{\"@type\":\"BreadcrumbList\",\"@id\":\"https:\/\/nextgeninteraction.com\/privacy-policy\/#breadcrumb\",\"itemListElement\":[{\"@type\":\"ListItem\",\"position\":1,\"name\":\"Home\",\"item\":\"https:\/\/nextgeninteraction.com\/\"},{\"@type\":\"ListItem\",\"position\":2,\"name\":\"Privacy Policy\"}]},{\"@type\":\"WebSite\",\"@id\":\"https:\/\/nextgeninteraction.com\/#website\",\"url\":\"https:\/\/nextgeninteraction.com\/\",\"name\":\"NextGen Interaction\",\"description\":\"Customized Management, IT, and Information Security Solutions for Your Business\",\"publisher\":{\"@id\":\"https:\/\/nextgeninteraction.com\/#organization\"},\"potentialAction\":[{\"@type\":\"SearchAction\",\"target\":{\"@type\":\"EntryPoint\",\"urlTemplate\":\"https:\/\/nextgeninteraction.com\/?s={search_term_string}\"},\"query-input\":{\"@type\":\"PropertyValueSpecification\",\"valueRequired\":true,\"valueName\":\"search_term_string\"}}],\"inLanguage\":\"hu\"},{\"@type\":\"Organization\",\"@id\":\"https:\/\/nextgeninteraction.com\/#organization\",\"name\":\"NextGen Interaction Kft.\",\"url\":\"https:\/\/nextgeninteraction.com\/\",\"logo\":{\"@type\":\"ImageObject\",\"inLanguage\":\"hu\",\"@id\":\"https:\/\/nextgeninteraction.com\/#\/schema\/logo\/image\/\",\"url\":\"https:\/\/nextgeninteraction.com\/wp-content\/uploads\/2025\/03\/logo_black-e1741943738748.png\",\"contentUrl\":\"https:\/\/nextgeninteraction.com\/wp-content\/uploads\/2025\/03\/logo_black-e1741943738748.png\",\"width\":290,\"height\":232,\"caption\":\"NextGen Interaction Kft.\"},\"image\":{\"@id\":\"https:\/\/nextgeninteraction.com\/#\/schema\/logo\/image\/\"}}]}<\/script>\n<!-- \/ Yoast SEO plugin. -->","yoast_head_json":{"title":"Privacy Policy - Customized Management, IT, and Information Security Solutions for Your Business","description":"Privacy Policy Effective Date: 06\/05\/2025 Website: www.nextgeninteractions.comOwner: NextGen Interactions (registered business information)Introduction","robots":{"index":"index","follow":"follow","max-snippet":"max-snippet:-1","max-image-preview":"max-image-preview:large","max-video-preview":"max-video-preview:-1"},"canonical":"https:\/\/nextgeninteraction.com\/hu\/privacy-policy\/","og_locale":"hu_HU","og_type":"article","og_title":"Privacy Policy - Customized Management, IT, and Information Security Solutions for Your Business","og_description":"Privacy Policy Effective Date: 06\/05\/2025 Website: www.nextgeninteractions.comOwner: NextGen Interactions (registered business information)Introduction","og_url":"https:\/\/nextgeninteraction.com\/hu\/privacy-policy\/","og_site_name":"NextGen Interaction Kft.","article_modified_time":"2025-05-12T12:25:58+00:00","og_image":[{"width":512,"height":512,"url":"https:\/\/nextgeninteraction.com\/wp-content\/uploads\/2025\/03\/cropped-logo_black.png","type":"image\/png"}],"twitter_card":"summary_large_image","twitter_misc":{"Becs\u00fclt olvas\u00e1si id\u0151":"3 perc"},"schema":{"@context":"https:\/\/schema.org","@graph":[{"@type":"WebPage","@id":"https:\/\/nextgeninteraction.com\/privacy-policy\/","url":"https:\/\/nextgeninteraction.com\/privacy-policy\/","name":"Privacy Policy - Customized Management, IT, and Information Security Solutions for Your Business","isPartOf":{"@id":"https:\/\/nextgeninteraction.com\/#website"},"datePublished":"2025-05-12T10:38:26+00:00","dateModified":"2025-05-12T12:25:58+00:00","description":"Privacy Policy Effective Date: 06\/05\/2025 Website: www.nextgeninteractions.comOwner: NextGen Interactions (registered business information)Introduction","breadcrumb":{"@id":"https:\/\/nextgeninteraction.com\/privacy-policy\/#breadcrumb"},"inLanguage":"hu","potentialAction":[{"@type":"ReadAction","target":["https:\/\/nextgeninteraction.com\/privacy-policy\/"]}]},{"@type":"BreadcrumbList","@id":"https:\/\/nextgeninteraction.com\/privacy-policy\/#breadcrumb","itemListElement":[{"@type":"ListItem","position":1,"name":"Home","item":"https:\/\/nextgeninteraction.com\/"},{"@type":"ListItem","position":2,"name":"Privacy Policy"}]},{"@type":"WebSite","@id":"https:\/\/nextgeninteraction.com\/#website","url":"https:\/\/nextgeninteraction.com\/","name":"NextGen Interaction","description":"Customized Management, IT, and Information Security Solutions for Your Business","publisher":{"@id":"https:\/\/nextgeninteraction.com\/#organization"},"potentialAction":[{"@type":"SearchAction","target":{"@type":"EntryPoint","urlTemplate":"https:\/\/nextgeninteraction.com\/?s={search_term_string}"},"query-input":{"@type":"PropertyValueSpecification","valueRequired":true,"valueName":"search_term_string"}}],"inLanguage":"hu"},{"@type":"Organization","@id":"https:\/\/nextgeninteraction.com\/#organization","name":"NextGen Interaction Kft.","url":"https:\/\/nextgeninteraction.com\/","logo":{"@type":"ImageObject","inLanguage":"hu","@id":"https:\/\/nextgeninteraction.com\/#\/schema\/logo\/image\/","url":"https:\/\/nextgeninteraction.com\/wp-content\/uploads\/2025\/03\/logo_black-e1741943738748.png","contentUrl":"https:\/\/nextgeninteraction.com\/wp-content\/uploads\/2025\/03\/logo_black-e1741943738748.png","width":290,"height":232,"caption":"NextGen Interaction Kft."},"image":{"@id":"https:\/\/nextgeninteraction.com\/#\/schema\/logo\/image\/"}}]}},"_links":{"self":[{"href":"https:\/\/nextgeninteraction.com\/hu\/wp-json\/wp\/v2\/pages\/1200","targetHints":{"allow":["GET"]}}],"collection":[{"href":"https:\/\/nextgeninteraction.com\/hu\/wp-json\/wp\/v2\/pages"}],"about":[{"href":"https:\/\/nextgeninteraction.com\/hu\/wp-json\/wp\/v2\/types\/page"}],"author":[{"embeddable":true,"href":"https:\/\/nextgeninteraction.com\/hu\/wp-json\/wp\/v2\/users\/3"}],"replies":[{"embeddable":true,"href":"https:\/\/nextgeninteraction.com\/hu\/wp-json\/wp\/v2\/comments?post=1200"}],"version-history":[{"count":0,"href":"https:\/\/nextgeninteraction.com\/hu\/wp-json\/wp\/v2\/pages\/1200\/revisions"}],"wp:attachment":[{"href":"https:\/\/nextgeninteraction.com\/hu\/wp-json\/wp\/v2\/media?parent=1200"}],"curies":[{"name":"wp","href":"https:\/\/api.w.org\/{rel}","templated":true}]}}