{"id":1049,"date":"2025-04-09T11:42:09","date_gmt":"2025-04-09T11:42:09","guid":{"rendered":"https:\/\/nextgeninteraction.com\/?page_id=1049"},"modified":"2025-05-12T12:35:42","modified_gmt":"2025-05-12T12:35:42","slug":"advanced-ai-solutions-consulting","status":"publish","type":"page","link":"https:\/\/nextgeninteraction.com\/hu\/services\/advanced-ai-solutions-consulting\/","title":{"rendered":"Advanced AI Solutions &amp; Consulting"},"content":{"rendered":"<div data-elementor-type=\"wp-page\" data-elementor-id=\"1049\" class=\"elementor elementor-1049\">\n\t\t\t\t<div class=\"elementor-element elementor-element-58282a4 twbb_section e-flex e-con-boxed e-con e-parent\" data-id=\"58282a4\" data-element_type=\"container\" data-e-type=\"container\" data-settings=\"{&quot;background_background&quot;:&quot;classic&quot;,&quot;background_motion_fx_motion_fx_scrolling&quot;:&quot;yes&quot;,&quot;background_motion_fx_scale_effect&quot;:&quot;yes&quot;,&quot;background_motion_fx_scale_speed&quot;:{&quot;unit&quot;:&quot;px&quot;,&quot;size&quot;:7,&quot;sizes&quot;:[]},&quot;background_motion_fx_devices&quot;:[&quot;desktop&quot;],&quot;background_motion_fx_scale_direction&quot;:&quot;out-in&quot;,&quot;background_motion_fx_scale_range&quot;:{&quot;unit&quot;:&quot;%&quot;,&quot;size&quot;:&quot;&quot;,&quot;sizes&quot;:{&quot;start&quot;:20,&quot;end&quot;:80}}}\">\n\t\t\t\t\t<div class=\"e-con-inner\">\n\t\t\t\t<div class=\"elementor-element elementor-element-c79e161 elementor-invisible elementor-widget elementor-widget-heading\" data-id=\"c79e161\" data-element_type=\"widget\" data-e-type=\"widget\" data-settings=\"{&quot;_animation&quot;:&quot;fadeInUp&quot;}\" data-widget_type=\"heading.default\">\n\t\t\t\t<div class=\"elementor-widget-container\">\n\t\t\t\t\t<h2 class=\"elementor-heading-title elementor-size-default\">Advanced AI Solutions &amp; Consulting<\/h2>\t\t\t\t<\/div>\n\t\t\t\t<\/div>\n\t\t\t\t\t<\/div>\n\t\t\t\t<\/div>\n\t\t<div class=\"elementor-element elementor-element-df80108 elementor-hidden-mobile e-flex e-con-boxed e-con e-parent\" data-id=\"df80108\" data-element_type=\"container\" data-e-type=\"container\">\n\t\t\t\t\t<div class=\"e-con-inner\">\n\t\t\t\t<div class=\"elementor-element elementor-element-5fd5399 elementor-widget elementor-widget-spacer\" data-id=\"5fd5399\" data-element_type=\"widget\" data-e-type=\"widget\" data-widget_type=\"spacer.default\">\n\t\t\t\t<div class=\"elementor-widget-container\">\n\t\t\t\t\t\t\t<div class=\"elementor-spacer\">\n\t\t\t<div class=\"elementor-spacer-inner\"><\/div>\n\t\t<\/div>\n\t\t\t\t\t\t<\/div>\n\t\t\t\t<\/div>\n\t\t\t\t\t<\/div>\n\t\t\t\t<\/div>\n\t\t<div class=\"elementor-element elementor-element-1687cfd e-flex e-con-boxed e-con e-parent\" data-id=\"1687cfd\" data-element_type=\"container\" data-e-type=\"container\">\n\t\t\t\t\t<div class=\"e-con-inner\">\n\t\t<div class=\"elementor-element elementor-element-126f174 e-con-full e-flex e-con e-child\" data-id=\"126f174\" data-element_type=\"container\" data-e-type=\"container\">\n\t\t<div class=\"elementor-element elementor-element-5b7108b e-con-full e-flex e-con e-child\" data-id=\"5b7108b\" data-element_type=\"container\" data-e-type=\"container\">\n\t\t\t\t<div class=\"elementor-element elementor-element-75946c7 elementor-widget elementor-widget-image\" data-id=\"75946c7\" data-element_type=\"widget\" data-e-type=\"widget\" data-widget_type=\"image.default\">\n\t\t\t\t<div class=\"elementor-widget-container\">\n\t\t\t\t\t\t\t\t\t\t\t\t\t\t\t<img fetchpriority=\"high\" decoding=\"async\" width=\"500\" height=\"500\" src=\"https:\/\/nextgeninteraction.com\/wp-content\/uploads\/2025\/04\/Untitled-design-46.png\" class=\"attachment-large size-large wp-image-1054\" alt=\"\" srcset=\"https:\/\/nextgeninteraction.com\/wp-content\/uploads\/2025\/04\/Untitled-design-46.png 500w, https:\/\/nextgeninteraction.com\/wp-content\/uploads\/2025\/04\/Untitled-design-46-300x300.png 300w, https:\/\/nextgeninteraction.com\/wp-content\/uploads\/2025\/04\/Untitled-design-46-150x150.png 150w, https:\/\/nextgeninteraction.com\/wp-content\/uploads\/2025\/04\/Untitled-design-46-12x12.png 12w\" sizes=\"(max-width: 500px) 100vw, 500px\" \/>\t\t\t\t\t\t\t\t\t\t\t\t\t\t\t<\/div>\n\t\t\t\t<\/div>\n\t\t\t\t<\/div>\n\t\t\t\t<\/div>\n\t\t<div class=\"elementor-element elementor-element-a32cd11 e-con-full e-flex e-con e-child\" data-id=\"a32cd11\" data-element_type=\"container\" data-e-type=\"container\">\n\t\t<div class=\"elementor-element elementor-element-d979e2b e-con-full e-flex e-con e-child\" data-id=\"d979e2b\" data-element_type=\"container\" data-e-type=\"container\">\n\t\t\t\t<div class=\"elementor-element elementor-element-2f349af elementor-widget elementor-widget-text-editor\" data-id=\"2f349af\" data-element_type=\"widget\" data-e-type=\"widget\" data-widget_type=\"text-editor.default\">\n\t\t\t\t<div class=\"elementor-widget-container\">\n\t\t\t\t\t\t\t\t\t<p>Customized AI implementations<\/p>\t\t\t\t\t\t\t\t<\/div>\n\t\t\t\t<\/div>\n\t\t\t\t<div class=\"elementor-element elementor-element-71f485a elementor-position-inline-start elementor-mobile-position-inline-start elementor-view-default elementor-widget elementor-widget-icon-box\" data-id=\"71f485a\" data-element_type=\"widget\" data-e-type=\"widget\" data-widget_type=\"icon-box.default\">\n\t\t\t\t<div class=\"elementor-widget-container\">\n\t\t\t\t\t\t\t<div class=\"elementor-icon-box-wrapper\">\n\n\t\t\t\t\t\t<div class=\"elementor-icon-box-icon\">\n\t\t\t\t<span  class=\"elementor-icon\">\n\t\t\t\t<svg aria-hidden=\"true\" class=\"e-font-icon-svg e-fas-user-cog\" viewbox=\"0 0 640 512\" xmlns=\"http:\/\/www.w3.org\/2000\/svg\"><path d=\"M610.5 373.3c2.6-14.1 2.6-28.5 0-42.6l25.8-14.9c3-1.7 4.3-5.2 3.3-8.5-6.7-21.6-18.2-41.2-33.2-57.4-2.3-2.5-6-3.1-9-1.4l-25.8 14.9c-10.9-9.3-23.4-16.5-36.9-21.3v-29.8c0-3.4-2.4-6.4-5.7-7.1-22.3-5-45-4.8-66.2 0-3.3.7-5.7 3.7-5.7 7.1v29.8c-13.5 4.8-26 12-36.9 21.3l-25.8-14.9c-2.9-1.7-6.7-1.1-9 1.4-15 16.2-26.5 35.8-33.2 57.4-1 3.3.4 6.8 3.3 8.5l25.8 14.9c-2.6 14.1-2.6 28.5 0 42.6l-25.8 14.9c-3 1.7-4.3 5.2-3.3 8.5 6.7 21.6 18.2 41.1 33.2 57.4 2.3 2.5 6 3.1 9 1.4l25.8-14.9c10.9 9.3 23.4 16.5 36.9 21.3v29.8c0 3.4 2.4 6.4 5.7 7.1 22.3 5 45 4.8 66.2 0 3.3-.7 5.7-3.7 5.7-7.1v-29.8c13.5-4.8 26-12 36.9-21.3l25.8 14.9c2.9 1.7 6.7 1.1 9-1.4 15-16.2 26.5-35.8 33.2-57.4 1-3.3-.4-6.8-3.3-8.5l-25.8-14.9zM496 400.5c-26.8 0-48.5-21.8-48.5-48.5s21.8-48.5 48.5-48.5 48.5 21.8 48.5 48.5-21.7 48.5-48.5 48.5zM224 256c70.7 0 128-57.3 128-128S294.7 0 224 0 96 57.3 96 128s57.3 128 128 128zm201.2 226.5c-2.3-1.2-4.6-2.6-6.8-3.9l-7.9 4.6c-6 3.4-12.8 5.3-19.6 5.3-10.9 0-21.4-4.6-28.9-12.6-18.3-19.8-32.3-43.9-40.2-69.6-5.5-17.7 1.9-36.4 17.9-45.7l7.9-4.6c-.1-2.6-.1-5.2 0-7.8l-7.9-4.6c-16-9.2-23.4-28-17.9-45.7.9-2.9 2.2-5.8 3.2-8.7-3.8-.3-7.5-1.2-11.4-1.2h-16.7c-22.2 10.2-46.9 16-72.9 16s-50.6-5.8-72.9-16h-16.7C60.2 288 0 348.2 0 422.4V464c0 26.5 21.5 48 48 48h352c10.1 0 19.5-3.2 27.2-8.5-1.2-3.8-2-7.7-2-11.8v-9.2z\"><\/path><\/svg>\t\t\t\t<\/span>\n\t\t\t<\/div>\n\t\t\t\n\t\t\t\t\t\t<div class=\"elementor-icon-box-content\">\n\n\t\t\t\t\t\t\t\t\t<h3 class=\"elementor-icon-box-title\">\n\t\t\t\t\t\t<span  >\n\t\t\t\t\t\t\tAI integration\t\t\t\t\t\t<\/span>\n\t\t\t\t\t<\/h3>\n\t\t\t\t\n\t\t\t\t\t\t\t\t\t<p class=\"elementor-icon-box-description\">\n\t\t\t\t\t\tThe integration of AI into business operations goes beyond basic automation\u2014it\u2019s about creating intelligent systems that drive transformation. \t\t\t\t\t<\/p>\n\t\t\t\t\n\t\t\t<\/div>\n\t\t\t\n\t\t<\/div>\n\t\t\t\t\t\t<\/div>\n\t\t\t\t<\/div>\n\t\t\t\t<div class=\"elementor-element elementor-element-b58ff7d elementor-position-inline-start elementor-mobile-position-inline-start elementor-view-default elementor-widget elementor-widget-icon-box\" data-id=\"b58ff7d\" data-element_type=\"widget\" data-e-type=\"widget\" data-widget_type=\"icon-box.default\">\n\t\t\t\t<div class=\"elementor-widget-container\">\n\t\t\t\t\t\t\t<div class=\"elementor-icon-box-wrapper\">\n\n\t\t\t\t\t\t<div class=\"elementor-icon-box-icon\">\n\t\t\t\t<span  class=\"elementor-icon\">\n\t\t\t\t<svg aria-hidden=\"true\" class=\"e-font-icon-svg e-fas-user-cog\" viewbox=\"0 0 640 512\" xmlns=\"http:\/\/www.w3.org\/2000\/svg\"><path d=\"M610.5 373.3c2.6-14.1 2.6-28.5 0-42.6l25.8-14.9c3-1.7 4.3-5.2 3.3-8.5-6.7-21.6-18.2-41.2-33.2-57.4-2.3-2.5-6-3.1-9-1.4l-25.8 14.9c-10.9-9.3-23.4-16.5-36.9-21.3v-29.8c0-3.4-2.4-6.4-5.7-7.1-22.3-5-45-4.8-66.2 0-3.3.7-5.7 3.7-5.7 7.1v29.8c-13.5 4.8-26 12-36.9 21.3l-25.8-14.9c-2.9-1.7-6.7-1.1-9 1.4-15 16.2-26.5 35.8-33.2 57.4-1 3.3.4 6.8 3.3 8.5l25.8 14.9c-2.6 14.1-2.6 28.5 0 42.6l-25.8 14.9c-3 1.7-4.3 5.2-3.3 8.5 6.7 21.6 18.2 41.1 33.2 57.4 2.3 2.5 6 3.1 9 1.4l25.8-14.9c10.9 9.3 23.4 16.5 36.9 21.3v29.8c0 3.4 2.4 6.4 5.7 7.1 22.3 5 45 4.8 66.2 0 3.3-.7 5.7-3.7 5.7-7.1v-29.8c13.5-4.8 26-12 36.9-21.3l25.8 14.9c2.9 1.7 6.7 1.1 9-1.4 15-16.2 26.5-35.8 33.2-57.4 1-3.3-.4-6.8-3.3-8.5l-25.8-14.9zM496 400.5c-26.8 0-48.5-21.8-48.5-48.5s21.8-48.5 48.5-48.5 48.5 21.8 48.5 48.5-21.7 48.5-48.5 48.5zM224 256c70.7 0 128-57.3 128-128S294.7 0 224 0 96 57.3 96 128s57.3 128 128 128zm201.2 226.5c-2.3-1.2-4.6-2.6-6.8-3.9l-7.9 4.6c-6 3.4-12.8 5.3-19.6 5.3-10.9 0-21.4-4.6-28.9-12.6-18.3-19.8-32.3-43.9-40.2-69.6-5.5-17.7 1.9-36.4 17.9-45.7l7.9-4.6c-.1-2.6-.1-5.2 0-7.8l-7.9-4.6c-16-9.2-23.4-28-17.9-45.7.9-2.9 2.2-5.8 3.2-8.7-3.8-.3-7.5-1.2-11.4-1.2h-16.7c-22.2 10.2-46.9 16-72.9 16s-50.6-5.8-72.9-16h-16.7C60.2 288 0 348.2 0 422.4V464c0 26.5 21.5 48 48 48h352c10.1 0 19.5-3.2 27.2-8.5-1.2-3.8-2-7.7-2-11.8v-9.2z\"><\/path><\/svg>\t\t\t\t<\/span>\n\t\t\t<\/div>\n\t\t\t\n\t\t\t\t\t\t<div class=\"elementor-icon-box-content\">\n\n\t\t\t\t\t\t\t\t\t<h3 class=\"elementor-icon-box-title\">\n\t\t\t\t\t\t<span  >\n\t\t\t\t\t\t\tAI consulting\t\t\t\t\t\t<\/span>\n\t\t\t\t\t<\/h3>\n\t\t\t\t\n\t\t\t\t\t\t\t\t\t<p class=\"elementor-icon-box-description\">\n\t\t\t\t\t\tI offer advanced AI consulting services that span the entire project lifecycle, from ideation and design to deployment and continuous improvement.\u00a0\t\t\t\t\t<\/p>\n\t\t\t\t\n\t\t\t<\/div>\n\t\t\t\n\t\t<\/div>\n\t\t\t\t\t\t<\/div>\n\t\t\t\t<\/div>\n\t\t\t\t<div class=\"elementor-element elementor-element-a99594d elementor-widget elementor-widget-text-editor\" data-id=\"a99594d\" data-element_type=\"widget\" data-e-type=\"widget\" data-widget_type=\"text-editor.default\">\n\t\t\t\t<div class=\"elementor-widget-container\">\n\t\t\t\t\t\t\t\t\t<p>Whether you are looking to implement machine learning models, develop predictive analytics tools, or enhance decision-making processes, my comprehensive AI solutions are designed to meet your specific needs.<\/p>\t\t\t\t\t\t\t\t<\/div>\n\t\t\t\t<\/div>\n\t\t\t\t<\/div>\n\t\t\t\t<\/div>\n\t\t\t\t\t<\/div>\n\t\t\t\t<\/div>\n\t\t<div class=\"elementor-element elementor-element-f91eb93 e-flex e-con-boxed e-con e-parent\" data-id=\"f91eb93\" data-element_type=\"container\" data-e-type=\"container\">\n\t\t\t\t\t<div class=\"e-con-inner\">\n\t\t\t\t<div class=\"elementor-element elementor-element-80c122a elementor-widget elementor-widget-spacer\" data-id=\"80c122a\" data-element_type=\"widget\" data-e-type=\"widget\" data-widget_type=\"spacer.default\">\n\t\t\t\t<div class=\"elementor-widget-container\">\n\t\t\t\t\t\t\t<div class=\"elementor-spacer\">\n\t\t\t<div class=\"elementor-spacer-inner\"><\/div>\n\t\t<\/div>\n\t\t\t\t\t\t<\/div>\n\t\t\t\t<\/div>\n\t\t\t\t\t<\/div>\n\t\t\t\t<\/div>\n\t\t\t\t<\/div>","protected":false},"excerpt":{"rendered":"<p>Advanced AI Solutions &#038; Consulting Customized AI implementations AI integration The integration of AI into business operations goes beyond basic automation\u2014it\u2019s about creating intelligent systems that drive transformation. AI consulting I offer advanced AI consulting services that span the entire project lifecycle, from ideation and design to deployment and continuous improvement.\u00a0 Whether you are looking [&hellip;]<\/p>","protected":false},"author":3,"featured_media":0,"parent":96,"menu_order":0,"comment_status":"closed","ping_status":"closed","template":"","meta":{"two_page_speed":[],"footnotes":""},"class_list":["post-1049","page","type-page","status-publish","hentry"],"yoast_head":"<!-- This site is optimized with the Yoast SEO plugin v25.0 - https:\/\/yoast.com\/wordpress\/plugins\/seo\/ -->\n<title>Advanced AI Solutions &amp; Consulting - Customized Management, IT, and Information Security Solutions for Your Business<\/title>\n<meta name=\"description\" content=\"Advanced AI Solutions &amp; Consulting Customized AI implementations AI integration The integration of AI into business operations goes beyond basic\" \/>\n<meta name=\"robots\" content=\"index, follow, max-snippet:-1, max-image-preview:large, max-video-preview:-1\" \/>\n<link rel=\"canonical\" href=\"https:\/\/nextgeninteraction.com\/hu\/services\/advanced-ai-solutions-consulting\/\" \/>\n<meta property=\"og:locale\" content=\"hu_HU\" \/>\n<meta property=\"og:type\" content=\"article\" \/>\n<meta property=\"og:title\" content=\"Advanced AI Solutions &amp; Consulting - Customized Management, IT, and Information Security Solutions for Your Business\" \/>\n<meta property=\"og:description\" content=\"Advanced AI Solutions &amp; Consulting Customized AI implementations AI integration The integration of AI into business operations goes beyond basic\" \/>\n<meta property=\"og:url\" content=\"https:\/\/nextgeninteraction.com\/hu\/services\/advanced-ai-solutions-consulting\/\" \/>\n<meta property=\"og:site_name\" content=\"NextGen Interaction Kft.\" \/>\n<meta property=\"article:modified_time\" content=\"2025-05-12T12:35:42+00:00\" \/>\n<meta property=\"og:image\" content=\"https:\/\/nextgeninteraction.com\/wp-content\/uploads\/2025\/04\/Untitled-design-46.png\" \/>\n\t<meta property=\"og:image:width\" content=\"500\" \/>\n\t<meta property=\"og:image:height\" content=\"500\" \/>\n\t<meta property=\"og:image:type\" content=\"image\/png\" \/>\n<meta name=\"twitter:card\" content=\"summary_large_image\" \/>\n<meta name=\"twitter:label1\" content=\"Becs\u00fclt olvas\u00e1si id\u0151\" \/>\n\t<meta name=\"twitter:data1\" content=\"8 perc\" \/>\n<script type=\"application\/ld+json\" class=\"yoast-schema-graph\">{\"@context\":\"https:\/\/schema.org\",\"@graph\":[{\"@type\":\"WebPage\",\"@id\":\"https:\/\/nextgeninteraction.com\/services\/advanced-ai-solutions-consulting\/\",\"url\":\"https:\/\/nextgeninteraction.com\/services\/advanced-ai-solutions-consulting\/\",\"name\":\"Advanced AI Solutions &amp; Consulting - Customized Management, IT, and Information Security Solutions for Your Business\",\"isPartOf\":{\"@id\":\"https:\/\/nextgeninteraction.com\/#website\"},\"primaryImageOfPage\":{\"@id\":\"https:\/\/nextgeninteraction.com\/services\/advanced-ai-solutions-consulting\/#primaryimage\"},\"image\":{\"@id\":\"https:\/\/nextgeninteraction.com\/services\/advanced-ai-solutions-consulting\/#primaryimage\"},\"thumbnailUrl\":\"https:\/\/nextgeninteraction.com\/wp-content\/uploads\/2025\/04\/Untitled-design-46.png\",\"datePublished\":\"2025-04-09T11:42:09+00:00\",\"dateModified\":\"2025-05-12T12:35:42+00:00\",\"description\":\"Advanced AI Solutions & Consulting Customized AI implementations AI integration The integration of AI into business operations goes beyond basic\",\"breadcrumb\":{\"@id\":\"https:\/\/nextgeninteraction.com\/services\/advanced-ai-solutions-consulting\/#breadcrumb\"},\"inLanguage\":\"hu\",\"potentialAction\":[{\"@type\":\"ReadAction\",\"target\":[\"https:\/\/nextgeninteraction.com\/services\/advanced-ai-solutions-consulting\/\"]}]},{\"@type\":\"ImageObject\",\"inLanguage\":\"hu\",\"@id\":\"https:\/\/nextgeninteraction.com\/services\/advanced-ai-solutions-consulting\/#primaryimage\",\"url\":\"https:\/\/nextgeninteraction.com\/wp-content\/uploads\/2025\/04\/Untitled-design-46.png\",\"contentUrl\":\"https:\/\/nextgeninteraction.com\/wp-content\/uploads\/2025\/04\/Untitled-design-46.png\"},{\"@type\":\"BreadcrumbList\",\"@id\":\"https:\/\/nextgeninteraction.com\/services\/advanced-ai-solutions-consulting\/#breadcrumb\",\"itemListElement\":[{\"@type\":\"ListItem\",\"position\":1,\"name\":\"Home\",\"item\":\"https:\/\/nextgeninteraction.com\/\"},{\"@type\":\"ListItem\",\"position\":2,\"name\":\"Services\",\"item\":\"https:\/\/nextgeninteraction.com\/services\/\"},{\"@type\":\"ListItem\",\"position\":3,\"name\":\"Advanced AI Solutions &amp; Consulting\"}]},{\"@type\":\"WebSite\",\"@id\":\"https:\/\/nextgeninteraction.com\/#website\",\"url\":\"https:\/\/nextgeninteraction.com\/\",\"name\":\"NextGen Interaction\",\"description\":\"Customized Management, IT, and Information Security Solutions for Your Business\",\"publisher\":{\"@id\":\"https:\/\/nextgeninteraction.com\/#organization\"},\"potentialAction\":[{\"@type\":\"SearchAction\",\"target\":{\"@type\":\"EntryPoint\",\"urlTemplate\":\"https:\/\/nextgeninteraction.com\/?s={search_term_string}\"},\"query-input\":{\"@type\":\"PropertyValueSpecification\",\"valueRequired\":true,\"valueName\":\"search_term_string\"}}],\"inLanguage\":\"hu\"},{\"@type\":\"Organization\",\"@id\":\"https:\/\/nextgeninteraction.com\/#organization\",\"name\":\"NextGen Interaction Kft.\",\"url\":\"https:\/\/nextgeninteraction.com\/\",\"logo\":{\"@type\":\"ImageObject\",\"inLanguage\":\"hu\",\"@id\":\"https:\/\/nextgeninteraction.com\/#\/schema\/logo\/image\/\",\"url\":\"https:\/\/nextgeninteraction.com\/wp-content\/uploads\/2025\/03\/logo_black-e1741943738748.png\",\"contentUrl\":\"https:\/\/nextgeninteraction.com\/wp-content\/uploads\/2025\/03\/logo_black-e1741943738748.png\",\"width\":290,\"height\":232,\"caption\":\"NextGen Interaction Kft.\"},\"image\":{\"@id\":\"https:\/\/nextgeninteraction.com\/#\/schema\/logo\/image\/\"}}]}<\/script>\n<!-- \/ Yoast SEO plugin. -->","yoast_head_json":{"title":"Advanced AI Solutions &amp; Consulting - Customized Management, IT, and Information Security Solutions for Your Business","description":"Advanced AI Solutions & Consulting Customized AI implementations AI integration The integration of AI into business operations goes beyond basic","robots":{"index":"index","follow":"follow","max-snippet":"max-snippet:-1","max-image-preview":"max-image-preview:large","max-video-preview":"max-video-preview:-1"},"canonical":"https:\/\/nextgeninteraction.com\/hu\/services\/advanced-ai-solutions-consulting\/","og_locale":"hu_HU","og_type":"article","og_title":"Advanced AI Solutions &amp; Consulting - Customized Management, IT, and Information Security Solutions for Your Business","og_description":"Advanced AI Solutions & Consulting Customized AI implementations AI integration The integration of AI into business operations goes beyond basic","og_url":"https:\/\/nextgeninteraction.com\/hu\/services\/advanced-ai-solutions-consulting\/","og_site_name":"NextGen Interaction Kft.","article_modified_time":"2025-05-12T12:35:42+00:00","og_image":[{"width":500,"height":500,"url":"https:\/\/nextgeninteraction.com\/wp-content\/uploads\/2025\/04\/Untitled-design-46.png","type":"image\/png"}],"twitter_card":"summary_large_image","twitter_misc":{"Becs\u00fclt olvas\u00e1si id\u0151":"8 perc"},"schema":{"@context":"https:\/\/schema.org","@graph":[{"@type":"WebPage","@id":"https:\/\/nextgeninteraction.com\/services\/advanced-ai-solutions-consulting\/","url":"https:\/\/nextgeninteraction.com\/services\/advanced-ai-solutions-consulting\/","name":"Advanced AI Solutions &amp; Consulting - Customized Management, IT, and Information Security Solutions for Your Business","isPartOf":{"@id":"https:\/\/nextgeninteraction.com\/#website"},"primaryImageOfPage":{"@id":"https:\/\/nextgeninteraction.com\/services\/advanced-ai-solutions-consulting\/#primaryimage"},"image":{"@id":"https:\/\/nextgeninteraction.com\/services\/advanced-ai-solutions-consulting\/#primaryimage"},"thumbnailUrl":"https:\/\/nextgeninteraction.com\/wp-content\/uploads\/2025\/04\/Untitled-design-46.png","datePublished":"2025-04-09T11:42:09+00:00","dateModified":"2025-05-12T12:35:42+00:00","description":"Advanced AI Solutions & Consulting Customized AI implementations AI integration The integration of AI into business operations goes beyond basic","breadcrumb":{"@id":"https:\/\/nextgeninteraction.com\/services\/advanced-ai-solutions-consulting\/#breadcrumb"},"inLanguage":"hu","potentialAction":[{"@type":"ReadAction","target":["https:\/\/nextgeninteraction.com\/services\/advanced-ai-solutions-consulting\/"]}]},{"@type":"ImageObject","inLanguage":"hu","@id":"https:\/\/nextgeninteraction.com\/services\/advanced-ai-solutions-consulting\/#primaryimage","url":"https:\/\/nextgeninteraction.com\/wp-content\/uploads\/2025\/04\/Untitled-design-46.png","contentUrl":"https:\/\/nextgeninteraction.com\/wp-content\/uploads\/2025\/04\/Untitled-design-46.png"},{"@type":"BreadcrumbList","@id":"https:\/\/nextgeninteraction.com\/services\/advanced-ai-solutions-consulting\/#breadcrumb","itemListElement":[{"@type":"ListItem","position":1,"name":"Home","item":"https:\/\/nextgeninteraction.com\/"},{"@type":"ListItem","position":2,"name":"Services","item":"https:\/\/nextgeninteraction.com\/services\/"},{"@type":"ListItem","position":3,"name":"Advanced AI Solutions &amp; Consulting"}]},{"@type":"WebSite","@id":"https:\/\/nextgeninteraction.com\/#website","url":"https:\/\/nextgeninteraction.com\/","name":"NextGen Interaction","description":"Customized Management, IT, and Information Security Solutions for Your Business","publisher":{"@id":"https:\/\/nextgeninteraction.com\/#organization"},"potentialAction":[{"@type":"SearchAction","target":{"@type":"EntryPoint","urlTemplate":"https:\/\/nextgeninteraction.com\/?s={search_term_string}"},"query-input":{"@type":"PropertyValueSpecification","valueRequired":true,"valueName":"search_term_string"}}],"inLanguage":"hu"},{"@type":"Organization","@id":"https:\/\/nextgeninteraction.com\/#organization","name":"NextGen Interaction Kft.","url":"https:\/\/nextgeninteraction.com\/","logo":{"@type":"ImageObject","inLanguage":"hu","@id":"https:\/\/nextgeninteraction.com\/#\/schema\/logo\/image\/","url":"https:\/\/nextgeninteraction.com\/wp-content\/uploads\/2025\/03\/logo_black-e1741943738748.png","contentUrl":"https:\/\/nextgeninteraction.com\/wp-content\/uploads\/2025\/03\/logo_black-e1741943738748.png","width":290,"height":232,"caption":"NextGen Interaction Kft."},"image":{"@id":"https:\/\/nextgeninteraction.com\/#\/schema\/logo\/image\/"}}]}},"_links":{"self":[{"href":"https:\/\/nextgeninteraction.com\/hu\/wp-json\/wp\/v2\/pages\/1049","targetHints":{"allow":["GET"]}}],"collection":[{"href":"https:\/\/nextgeninteraction.com\/hu\/wp-json\/wp\/v2\/pages"}],"about":[{"href":"https:\/\/nextgeninteraction.com\/hu\/wp-json\/wp\/v2\/types\/page"}],"author":[{"embeddable":true,"href":"https:\/\/nextgeninteraction.com\/hu\/wp-json\/wp\/v2\/users\/3"}],"replies":[{"embeddable":true,"href":"https:\/\/nextgeninteraction.com\/hu\/wp-json\/wp\/v2\/comments?post=1049"}],"version-history":[{"count":0,"href":"https:\/\/nextgeninteraction.com\/hu\/wp-json\/wp\/v2\/pages\/1049\/revisions"}],"up":[{"embeddable":true,"href":"https:\/\/nextgeninteraction.com\/hu\/wp-json\/wp\/v2\/pages\/96"}],"wp:attachment":[{"href":"https:\/\/nextgeninteraction.com\/hu\/wp-json\/wp\/v2\/media?parent=1049"}],"curies":[{"name":"wp","href":"https:\/\/api.w.org\/{rel}","templated":true}]}}