{"id":1044,"date":"2025-04-09T11:38:28","date_gmt":"2025-04-09T11:38:28","guid":{"rendered":"https:\/\/nextgeninteraction.com\/?page_id=1044"},"modified":"2025-05-12T12:34:00","modified_gmt":"2025-05-12T12:34:00","slug":"ai-consulting-strategy","status":"publish","type":"page","link":"https:\/\/nextgeninteraction.com\/hu\/services\/ai-consulting-strategy\/","title":{"rendered":"AI Consulting &amp; Strategy"},"content":{"rendered":"<div data-elementor-type=\"wp-page\" data-elementor-id=\"1044\" class=\"elementor elementor-1044\">\n\t\t\t\t<div class=\"elementor-element elementor-element-e103ee1 twbb_section e-flex e-con-boxed e-con e-parent\" data-id=\"e103ee1\" data-element_type=\"container\" data-e-type=\"container\" data-settings=\"{&quot;background_background&quot;:&quot;classic&quot;,&quot;background_motion_fx_motion_fx_scrolling&quot;:&quot;yes&quot;,&quot;background_motion_fx_scale_effect&quot;:&quot;yes&quot;,&quot;background_motion_fx_scale_speed&quot;:{&quot;unit&quot;:&quot;px&quot;,&quot;size&quot;:7,&quot;sizes&quot;:[]},&quot;background_motion_fx_devices&quot;:[&quot;desktop&quot;],&quot;background_motion_fx_scale_direction&quot;:&quot;out-in&quot;,&quot;background_motion_fx_scale_range&quot;:{&quot;unit&quot;:&quot;%&quot;,&quot;size&quot;:&quot;&quot;,&quot;sizes&quot;:{&quot;start&quot;:20,&quot;end&quot;:80}}}\">\n\t\t\t\t\t<div class=\"e-con-inner\">\n\t\t\t\t<div class=\"elementor-element elementor-element-bb91c5f elementor-invisible elementor-widget elementor-widget-heading\" data-id=\"bb91c5f\" data-element_type=\"widget\" data-e-type=\"widget\" data-settings=\"{&quot;_animation&quot;:&quot;fadeInUp&quot;}\" data-widget_type=\"heading.default\">\n\t\t\t\t<div class=\"elementor-widget-container\">\n\t\t\t\t\t<h2 class=\"elementor-heading-title elementor-size-default\">AI Consulting &amp; Strategy<\/h2>\t\t\t\t<\/div>\n\t\t\t\t<\/div>\n\t\t\t\t\t<\/div>\n\t\t\t\t<\/div>\n\t\t<div class=\"elementor-element elementor-element-eed616d elementor-hidden-mobile e-flex e-con-boxed e-con e-parent\" data-id=\"eed616d\" data-element_type=\"container\" data-e-type=\"container\">\n\t\t\t\t\t<div class=\"e-con-inner\">\n\t\t\t\t<div class=\"elementor-element elementor-element-832447b elementor-widget elementor-widget-spacer\" data-id=\"832447b\" data-element_type=\"widget\" data-e-type=\"widget\" data-widget_type=\"spacer.default\">\n\t\t\t\t<div class=\"elementor-widget-container\">\n\t\t\t\t\t\t\t<div class=\"elementor-spacer\">\n\t\t\t<div class=\"elementor-spacer-inner\"><\/div>\n\t\t<\/div>\n\t\t\t\t\t\t<\/div>\n\t\t\t\t<\/div>\n\t\t\t\t\t<\/div>\n\t\t\t\t<\/div>\n\t\t<div class=\"elementor-element elementor-element-0d686b7 e-flex e-con-boxed e-con e-parent\" data-id=\"0d686b7\" data-element_type=\"container\" data-e-type=\"container\">\n\t\t\t\t\t<div class=\"e-con-inner\">\n\t\t<div class=\"elementor-element elementor-element-074d407 e-con-full e-flex e-con e-child\" data-id=\"074d407\" data-element_type=\"container\" data-e-type=\"container\">\n\t\t<div class=\"elementor-element elementor-element-07f3001 e-con-full e-flex e-con e-child\" data-id=\"07f3001\" data-element_type=\"container\" data-e-type=\"container\">\n\t\t\t\t<div class=\"elementor-element elementor-element-bcf2e97 elementor-widget elementor-widget-image\" data-id=\"bcf2e97\" data-element_type=\"widget\" data-e-type=\"widget\" data-widget_type=\"image.default\">\n\t\t\t\t<div class=\"elementor-widget-container\">\n\t\t\t\t\t\t\t\t\t\t\t\t\t\t\t<img fetchpriority=\"high\" decoding=\"async\" width=\"500\" height=\"500\" src=\"https:\/\/nextgeninteraction.com\/wp-content\/uploads\/2025\/04\/Untitled-design-38.png\" class=\"attachment-large size-large wp-image-934\" alt=\"\" srcset=\"https:\/\/nextgeninteraction.com\/wp-content\/uploads\/2025\/04\/Untitled-design-38.png 500w, https:\/\/nextgeninteraction.com\/wp-content\/uploads\/2025\/04\/Untitled-design-38-300x300.png 300w, https:\/\/nextgeninteraction.com\/wp-content\/uploads\/2025\/04\/Untitled-design-38-150x150.png 150w, https:\/\/nextgeninteraction.com\/wp-content\/uploads\/2025\/04\/Untitled-design-38-12x12.png 12w\" sizes=\"(max-width: 500px) 100vw, 500px\" \/>\t\t\t\t\t\t\t\t\t\t\t\t\t\t\t<\/div>\n\t\t\t\t<\/div>\n\t\t\t\t<\/div>\n\t\t\t\t<\/div>\n\t\t<div class=\"elementor-element elementor-element-73131d9 e-con-full e-flex e-con e-child\" data-id=\"73131d9\" data-element_type=\"container\" data-e-type=\"container\">\n\t\t<div class=\"elementor-element elementor-element-1cf5d54 e-con-full e-flex e-con e-child\" data-id=\"1cf5d54\" data-element_type=\"container\" data-e-type=\"container\">\n\t\t\t\t<div class=\"elementor-element elementor-element-e6a3232 elementor-widget elementor-widget-heading\" data-id=\"e6a3232\" data-element_type=\"widget\" data-e-type=\"widget\" data-widget_type=\"heading.default\">\n\t\t\t\t<div class=\"elementor-widget-container\">\n\t\t\t\t\t<h1 class=\"elementor-heading-title elementor-size-default\">AI Consulting &amp; Strategy<\/h1>\t\t\t\t<\/div>\n\t\t\t\t<\/div>\n\t\t\t\t<div class=\"elementor-element elementor-element-6e96892 elementor-widget elementor-widget-text-editor\" data-id=\"6e96892\" data-element_type=\"widget\" data-e-type=\"widget\" data-widget_type=\"text-editor.default\">\n\t\t\t\t<div class=\"elementor-widget-container\">\n\t\t\t\t\t\t\t\t\t<p>Testreszabott AI roadmapek, fejlett eszk\u00f6z\u00f6kkel az innov\u00e1ci\u00f3 szolg\u00e1lat\u00e1ban<\/p>\t\t\t\t\t\t\t\t<\/div>\n\t\t\t\t<\/div>\n\t\t\t\t<div class=\"elementor-element elementor-element-48a1818 elementor-position-inline-start elementor-mobile-position-inline-start elementor-view-default elementor-widget elementor-widget-icon-box\" data-id=\"48a1818\" data-element_type=\"widget\" data-e-type=\"widget\" data-widget_type=\"icon-box.default\">\n\t\t\t\t<div class=\"elementor-widget-container\">\n\t\t\t\t\t\t\t<div class=\"elementor-icon-box-wrapper\">\n\n\t\t\t\t\t\t<div class=\"elementor-icon-box-icon\">\n\t\t\t\t<span  class=\"elementor-icon\">\n\t\t\t\t<svg aria-hidden=\"true\" class=\"e-font-icon-svg e-fas-user-cog\" viewbox=\"0 0 640 512\" xmlns=\"http:\/\/www.w3.org\/2000\/svg\"><path d=\"M610.5 373.3c2.6-14.1 2.6-28.5 0-42.6l25.8-14.9c3-1.7 4.3-5.2 3.3-8.5-6.7-21.6-18.2-41.2-33.2-57.4-2.3-2.5-6-3.1-9-1.4l-25.8 14.9c-10.9-9.3-23.4-16.5-36.9-21.3v-29.8c0-3.4-2.4-6.4-5.7-7.1-22.3-5-45-4.8-66.2 0-3.3.7-5.7 3.7-5.7 7.1v29.8c-13.5 4.8-26 12-36.9 21.3l-25.8-14.9c-2.9-1.7-6.7-1.1-9 1.4-15 16.2-26.5 35.8-33.2 57.4-1 3.3.4 6.8 3.3 8.5l25.8 14.9c-2.6 14.1-2.6 28.5 0 42.6l-25.8 14.9c-3 1.7-4.3 5.2-3.3 8.5 6.7 21.6 18.2 41.1 33.2 57.4 2.3 2.5 6 3.1 9 1.4l25.8-14.9c10.9 9.3 23.4 16.5 36.9 21.3v29.8c0 3.4 2.4 6.4 5.7 7.1 22.3 5 45 4.8 66.2 0 3.3-.7 5.7-3.7 5.7-7.1v-29.8c13.5-4.8 26-12 36.9-21.3l25.8 14.9c2.9 1.7 6.7 1.1 9-1.4 15-16.2 26.5-35.8 33.2-57.4 1-3.3-.4-6.8-3.3-8.5l-25.8-14.9zM496 400.5c-26.8 0-48.5-21.8-48.5-48.5s21.8-48.5 48.5-48.5 48.5 21.8 48.5 48.5-21.7 48.5-48.5 48.5zM224 256c70.7 0 128-57.3 128-128S294.7 0 224 0 96 57.3 96 128s57.3 128 128 128zm201.2 226.5c-2.3-1.2-4.6-2.6-6.8-3.9l-7.9 4.6c-6 3.4-12.8 5.3-19.6 5.3-10.9 0-21.4-4.6-28.9-12.6-18.3-19.8-32.3-43.9-40.2-69.6-5.5-17.7 1.9-36.4 17.9-45.7l7.9-4.6c-.1-2.6-.1-5.2 0-7.8l-7.9-4.6c-16-9.2-23.4-28-17.9-45.7.9-2.9 2.2-5.8 3.2-8.7-3.8-.3-7.5-1.2-11.4-1.2h-16.7c-22.2 10.2-46.9 16-72.9 16s-50.6-5.8-72.9-16h-16.7C60.2 288 0 348.2 0 422.4V464c0 26.5 21.5 48 48 48h352c10.1 0 19.5-3.2 27.2-8.5-1.2-3.8-2-7.7-2-11.8v-9.2z\"><\/path><\/svg>\t\t\t\t<\/span>\n\t\t\t<\/div>\n\t\t\t\n\t\t\t\t\t\t<div class=\"elementor-icon-box-content\">\n\n\t\t\t\t\t\t\t\t\t<h3 class=\"elementor-icon-box-title\">\n\t\t\t\t\t\t<span  >\n\t\t\t\t\t\t\tHaszn\u00e1lja ki a mesters\u00e9ges intelligencia erej\u00e9t\t\t\t\t\t\t<\/span>\n\t\t\t\t\t<\/h3>\n\t\t\t\t\n\t\t\t\t\t\t\t\t\t<p class=\"elementor-icon-box-description\">\n\t\t\t\t\t\tForradalmas\u00edtsa \u00fczleti folyamatait mesters\u00e9ges intelligencia seg\u00edts\u00e9g\u00e9vel!\t\t\t\t\t<\/p>\n\t\t\t\t\n\t\t\t<\/div>\n\t\t\t\n\t\t<\/div>\n\t\t\t\t\t\t<\/div>\n\t\t\t\t<\/div>\n\t\t\t\t<div class=\"elementor-element elementor-element-23356e0 elementor-position-inline-start elementor-mobile-position-inline-start elementor-view-default elementor-widget elementor-widget-icon-box\" data-id=\"23356e0\" data-element_type=\"widget\" data-e-type=\"widget\" data-widget_type=\"icon-box.default\">\n\t\t\t\t<div class=\"elementor-widget-container\">\n\t\t\t\t\t\t\t<div class=\"elementor-icon-box-wrapper\">\n\n\t\t\t\t\t\t<div class=\"elementor-icon-box-icon\">\n\t\t\t\t<span  class=\"elementor-icon\">\n\t\t\t\t<svg aria-hidden=\"true\" class=\"e-font-icon-svg e-fas-user-cog\" viewbox=\"0 0 640 512\" xmlns=\"http:\/\/www.w3.org\/2000\/svg\"><path d=\"M610.5 373.3c2.6-14.1 2.6-28.5 0-42.6l25.8-14.9c3-1.7 4.3-5.2 3.3-8.5-6.7-21.6-18.2-41.2-33.2-57.4-2.3-2.5-6-3.1-9-1.4l-25.8 14.9c-10.9-9.3-23.4-16.5-36.9-21.3v-29.8c0-3.4-2.4-6.4-5.7-7.1-22.3-5-45-4.8-66.2 0-3.3.7-5.7 3.7-5.7 7.1v29.8c-13.5 4.8-26 12-36.9 21.3l-25.8-14.9c-2.9-1.7-6.7-1.1-9 1.4-15 16.2-26.5 35.8-33.2 57.4-1 3.3.4 6.8 3.3 8.5l25.8 14.9c-2.6 14.1-2.6 28.5 0 42.6l-25.8 14.9c-3 1.7-4.3 5.2-3.3 8.5 6.7 21.6 18.2 41.1 33.2 57.4 2.3 2.5 6 3.1 9 1.4l25.8-14.9c10.9 9.3 23.4 16.5 36.9 21.3v29.8c0 3.4 2.4 6.4 5.7 7.1 22.3 5 45 4.8 66.2 0 3.3-.7 5.7-3.7 5.7-7.1v-29.8c13.5-4.8 26-12 36.9-21.3l25.8 14.9c2.9 1.7 6.7 1.1 9-1.4 15-16.2 26.5-35.8 33.2-57.4 1-3.3-.4-6.8-3.3-8.5l-25.8-14.9zM496 400.5c-26.8 0-48.5-21.8-48.5-48.5s21.8-48.5 48.5-48.5 48.5 21.8 48.5 48.5-21.7 48.5-48.5 48.5zM224 256c70.7 0 128-57.3 128-128S294.7 0 224 0 96 57.3 96 128s57.3 128 128 128zm201.2 226.5c-2.3-1.2-4.6-2.6-6.8-3.9l-7.9 4.6c-6 3.4-12.8 5.3-19.6 5.3-10.9 0-21.4-4.6-28.9-12.6-18.3-19.8-32.3-43.9-40.2-69.6-5.5-17.7 1.9-36.4 17.9-45.7l7.9-4.6c-.1-2.6-.1-5.2 0-7.8l-7.9-4.6c-16-9.2-23.4-28-17.9-45.7.9-2.9 2.2-5.8 3.2-8.7-3.8-.3-7.5-1.2-11.4-1.2h-16.7c-22.2 10.2-46.9 16-72.9 16s-50.6-5.8-72.9-16h-16.7C60.2 288 0 348.2 0 422.4V464c0 26.5 21.5 48 48 48h352c10.1 0 19.5-3.2 27.2-8.5-1.2-3.8-2-7.7-2-11.8v-9.2z\"><\/path><\/svg>\t\t\t\t<\/span>\n\t\t\t<\/div>\n\t\t\t\n\t\t\t\t\t\t<div class=\"elementor-icon-box-content\">\n\n\t\t\t\t\t\t\t\t\t<h3 class=\"elementor-icon-box-title\">\n\t\t\t\t\t\t<span  >\n\t\t\t\t\t\t\tTestreszabott AI-strat\u00e9gi\u00e1k\t\t\t\t\t\t<\/span>\n\t\t\t\t\t<\/h3>\n\t\t\t\t\n\t\t\t\t\t\t\t\t\t<p class=\"elementor-icon-box-description\">\n\t\t\t\t\t\tSzorosan egy\u00fcttm\u0171k\u00f6d\u00f6m a szervezetekkel az egyedi c\u00e9ljaikhoz igaz\u00edtott AI-roadmapek kialak\u00edt\u00e1s\u00e1ban \u2013 az els\u0151 \u00f6tlett\u0151l a megval\u00f3s\u00edt\u00e1sig.\t\t\t\t\t<\/p>\n\t\t\t\t\n\t\t\t<\/div>\n\t\t\t\n\t\t<\/div>\n\t\t\t\t\t\t<\/div>\n\t\t\t\t<\/div>\n\t\t\t\t<div class=\"elementor-element elementor-element-896f7fc elementor-position-inline-start elementor-mobile-position-inline-start elementor-view-default elementor-widget elementor-widget-icon-box\" data-id=\"896f7fc\" data-element_type=\"widget\" data-e-type=\"widget\" data-widget_type=\"icon-box.default\">\n\t\t\t\t<div class=\"elementor-widget-container\">\n\t\t\t\t\t\t\t<div class=\"elementor-icon-box-wrapper\">\n\n\t\t\t\t\t\t<div class=\"elementor-icon-box-icon\">\n\t\t\t\t<span  class=\"elementor-icon\">\n\t\t\t\t<svg aria-hidden=\"true\" class=\"e-font-icon-svg e-fas-user-cog\" viewbox=\"0 0 640 512\" xmlns=\"http:\/\/www.w3.org\/2000\/svg\"><path d=\"M610.5 373.3c2.6-14.1 2.6-28.5 0-42.6l25.8-14.9c3-1.7 4.3-5.2 3.3-8.5-6.7-21.6-18.2-41.2-33.2-57.4-2.3-2.5-6-3.1-9-1.4l-25.8 14.9c-10.9-9.3-23.4-16.5-36.9-21.3v-29.8c0-3.4-2.4-6.4-5.7-7.1-22.3-5-45-4.8-66.2 0-3.3.7-5.7 3.7-5.7 7.1v29.8c-13.5 4.8-26 12-36.9 21.3l-25.8-14.9c-2.9-1.7-6.7-1.1-9 1.4-15 16.2-26.5 35.8-33.2 57.4-1 3.3.4 6.8 3.3 8.5l25.8 14.9c-2.6 14.1-2.6 28.5 0 42.6l-25.8 14.9c-3 1.7-4.3 5.2-3.3 8.5 6.7 21.6 18.2 41.1 33.2 57.4 2.3 2.5 6 3.1 9 1.4l25.8-14.9c10.9 9.3 23.4 16.5 36.9 21.3v29.8c0 3.4 2.4 6.4 5.7 7.1 22.3 5 45 4.8 66.2 0 3.3-.7 5.7-3.7 5.7-7.1v-29.8c13.5-4.8 26-12 36.9-21.3l25.8 14.9c2.9 1.7 6.7 1.1 9-1.4 15-16.2 26.5-35.8 33.2-57.4 1-3.3-.4-6.8-3.3-8.5l-25.8-14.9zM496 400.5c-26.8 0-48.5-21.8-48.5-48.5s21.8-48.5 48.5-48.5 48.5 21.8 48.5 48.5-21.7 48.5-48.5 48.5zM224 256c70.7 0 128-57.3 128-128S294.7 0 224 0 96 57.3 96 128s57.3 128 128 128zm201.2 226.5c-2.3-1.2-4.6-2.6-6.8-3.9l-7.9 4.6c-6 3.4-12.8 5.3-19.6 5.3-10.9 0-21.4-4.6-28.9-12.6-18.3-19.8-32.3-43.9-40.2-69.6-5.5-17.7 1.9-36.4 17.9-45.7l7.9-4.6c-.1-2.6-.1-5.2 0-7.8l-7.9-4.6c-16-9.2-23.4-28-17.9-45.7.9-2.9 2.2-5.8 3.2-8.7-3.8-.3-7.5-1.2-11.4-1.2h-16.7c-22.2 10.2-46.9 16-72.9 16s-50.6-5.8-72.9-16h-16.7C60.2 288 0 348.2 0 422.4V464c0 26.5 21.5 48 48 48h352c10.1 0 19.5-3.2 27.2-8.5-1.2-3.8-2-7.7-2-11.8v-9.2z\"><\/path><\/svg>\t\t\t\t<\/span>\n\t\t\t<\/div>\n\t\t\t\n\t\t\t\t\t\t<div class=\"elementor-icon-box-content\">\n\n\t\t\t\t\t\t\t\t\t<h3 class=\"elementor-icon-box-title\">\n\t\t\t\t\t\t<span  >\n\t\t\t\t\t\t\tTeljes k\u00f6r\u0171 t\u00e1mogat\u00e1s az AI-integr\u00e1ci\u00f3ban\t\t\t\t\t\t<\/span>\n\t\t\t\t\t<\/h3>\n\t\t\t\t\n\t\t\t\t\t\t\t\t\t<p class=\"elementor-icon-box-description\">\n\t\t\t\t\t\tSzolg\u00e1ltat\u00e1saim lefedik a strat\u00e9giaalkot\u00e1st\u00f3l a teljes k\u00f6r\u0171 bevezet\u00e9sig terjed\u0151 teljes folyamatot \u2013 biztos\u00edtva, hogy az AI-integr\u00e1ci\u00f3 z\u00f6kken\u0151mentes \u00e9s hat\u00e9kony legyen, megalapozva az innov\u00e1ci\u00f3t \u00e9s a j\u00f6v\u0151biztos m\u0171k\u00f6d\u00e9st.\t\t\t\t\t<\/p>\n\t\t\t\t\n\t\t\t<\/div>\n\t\t\t\n\t\t<\/div>\n\t\t\t\t\t\t<\/div>\n\t\t\t\t<\/div>\n\t\t\t\t<div class=\"elementor-element elementor-element-34ba8b3 elementor-widget elementor-widget-text-editor\" data-id=\"34ba8b3\" data-element_type=\"widget\" data-e-type=\"widget\" data-widget_type=\"text-editor.default\">\n\t\t\t\t<div class=\"elementor-widget-container\">\n\t\t\t\t\t\t\t\t\t<p>Fedezze fel, hogyan alak\u00edthatja \u00e1t v\u00e1llalkoz\u00e1s\u00e1t az AI! Vegye fel vel\u00fcnk a kapcsolatot, \u00e9s \u00e9p\u00edts\u00fcnk k\u00f6z\u00f6sen egy j\u00f6v\u0151biztos, intelligens m\u0171k\u00f6d\u00e9st t\u00e1mogat\u00f3 strat\u00e9gi\u00e1t.<\/p>\t\t\t\t\t\t\t\t<\/div>\n\t\t\t\t<\/div>\n\t\t\t\t<\/div>\n\t\t\t\t<\/div>\n\t\t\t\t\t<\/div>\n\t\t\t\t<\/div>\n\t\t<div class=\"elementor-element elementor-element-a3e1b77 e-flex e-con-boxed e-con e-parent\" data-id=\"a3e1b77\" data-element_type=\"container\" data-e-type=\"container\">\n\t\t\t\t\t<div class=\"e-con-inner\">\n\t\t\t\t<div class=\"elementor-element elementor-element-83c2df8 elementor-widget elementor-widget-spacer\" data-id=\"83c2df8\" data-element_type=\"widget\" data-e-type=\"widget\" data-widget_type=\"spacer.default\">\n\t\t\t\t<div class=\"elementor-widget-container\">\n\t\t\t\t\t\t\t<div class=\"elementor-spacer\">\n\t\t\t<div class=\"elementor-spacer-inner\"><\/div>\n\t\t<\/div>\n\t\t\t\t\t\t<\/div>\n\t\t\t\t<\/div>\n\t\t\t\t\t<\/div>\n\t\t\t\t<\/div>\n\t\t\t\t<\/div>","protected":false},"excerpt":{"rendered":"<p>AI Consulting &#038; Strategy AI Consulting &#038; Strategy Tailored AI roadmaps leveraging advanced tools like LangChain to drive innovation. Unlock the potential of artificial intelligence Revolutionize your business processes! Tailored AI roadmaps I work closely with organizations to develop tailored AI roadmaps that align with their unique objectives. LangChain and advanced tools By leveraging advanced [&hellip;]<\/p>","protected":false},"author":3,"featured_media":0,"parent":96,"menu_order":0,"comment_status":"closed","ping_status":"closed","template":"","meta":{"two_page_speed":[],"footnotes":""},"class_list":["post-1044","page","type-page","status-publish","hentry"],"yoast_head":"<!-- This site is optimized with the Yoast SEO plugin v25.0 - https:\/\/yoast.com\/wordpress\/plugins\/seo\/ -->\n<title>AI Consulting &amp; Strategy - Customized Management, IT, and Information Security Solutions for Your Business<\/title>\n<meta name=\"description\" content=\"AI Consulting &amp; Strategy AI Consulting &amp; Strategy Tailored AI roadmaps leveraging advanced tools like LangChain to drive innovation. Unlock the potential\" \/>\n<meta name=\"robots\" content=\"index, follow, max-snippet:-1, max-image-preview:large, max-video-preview:-1\" \/>\n<link rel=\"canonical\" href=\"https:\/\/nextgeninteraction.com\/hu\/services\/ai-consulting-strategy\/\" \/>\n<meta property=\"og:locale\" content=\"hu_HU\" \/>\n<meta property=\"og:type\" content=\"article\" \/>\n<meta property=\"og:title\" content=\"AI Consulting &amp; Strategy - Customized Management, IT, and Information Security Solutions for Your Business\" \/>\n<meta property=\"og:description\" content=\"AI Consulting &amp; Strategy AI Consulting &amp; Strategy Tailored AI roadmaps leveraging advanced tools like LangChain to drive innovation. Unlock the potential\" \/>\n<meta property=\"og:url\" content=\"https:\/\/nextgeninteraction.com\/hu\/services\/ai-consulting-strategy\/\" \/>\n<meta property=\"og:site_name\" content=\"NextGen Interaction Kft.\" \/>\n<meta property=\"article:modified_time\" content=\"2025-05-12T12:34:00+00:00\" \/>\n<meta property=\"og:image\" content=\"https:\/\/nextgeninteraction.com\/wp-content\/uploads\/2025\/04\/Untitled-design-38.png\" \/>\n\t<meta property=\"og:image:width\" content=\"500\" \/>\n\t<meta property=\"og:image:height\" content=\"500\" \/>\n\t<meta property=\"og:image:type\" content=\"image\/png\" \/>\n<meta name=\"twitter:card\" content=\"summary_large_image\" \/>\n<meta name=\"twitter:label1\" content=\"Becs\u00fclt olvas\u00e1si id\u0151\" \/>\n\t<meta name=\"twitter:data1\" content=\"10 perc\" \/>\n<script type=\"application\/ld+json\" class=\"yoast-schema-graph\">{\"@context\":\"https:\/\/schema.org\",\"@graph\":[{\"@type\":\"WebPage\",\"@id\":\"https:\/\/nextgeninteraction.com\/services\/ai-consulting-strategy\/\",\"url\":\"https:\/\/nextgeninteraction.com\/services\/ai-consulting-strategy\/\",\"name\":\"AI Consulting &amp; Strategy - Customized Management, IT, and Information Security Solutions for Your Business\",\"isPartOf\":{\"@id\":\"https:\/\/nextgeninteraction.com\/#website\"},\"primaryImageOfPage\":{\"@id\":\"https:\/\/nextgeninteraction.com\/services\/ai-consulting-strategy\/#primaryimage\"},\"image\":{\"@id\":\"https:\/\/nextgeninteraction.com\/services\/ai-consulting-strategy\/#primaryimage\"},\"thumbnailUrl\":\"https:\/\/nextgeninteraction.com\/wp-content\/uploads\/2025\/04\/Untitled-design-38.png\",\"datePublished\":\"2025-04-09T11:38:28+00:00\",\"dateModified\":\"2025-05-12T12:34:00+00:00\",\"description\":\"AI Consulting & Strategy AI Consulting & Strategy Tailored AI roadmaps leveraging advanced tools like LangChain to drive innovation. Unlock the potential\",\"breadcrumb\":{\"@id\":\"https:\/\/nextgeninteraction.com\/services\/ai-consulting-strategy\/#breadcrumb\"},\"inLanguage\":\"hu\",\"potentialAction\":[{\"@type\":\"ReadAction\",\"target\":[\"https:\/\/nextgeninteraction.com\/services\/ai-consulting-strategy\/\"]}]},{\"@type\":\"ImageObject\",\"inLanguage\":\"hu\",\"@id\":\"https:\/\/nextgeninteraction.com\/services\/ai-consulting-strategy\/#primaryimage\",\"url\":\"https:\/\/nextgeninteraction.com\/wp-content\/uploads\/2025\/04\/Untitled-design-38.png\",\"contentUrl\":\"https:\/\/nextgeninteraction.com\/wp-content\/uploads\/2025\/04\/Untitled-design-38.png\"},{\"@type\":\"BreadcrumbList\",\"@id\":\"https:\/\/nextgeninteraction.com\/services\/ai-consulting-strategy\/#breadcrumb\",\"itemListElement\":[{\"@type\":\"ListItem\",\"position\":1,\"name\":\"Home\",\"item\":\"https:\/\/nextgeninteraction.com\/\"},{\"@type\":\"ListItem\",\"position\":2,\"name\":\"Services\",\"item\":\"https:\/\/nextgeninteraction.com\/services\/\"},{\"@type\":\"ListItem\",\"position\":3,\"name\":\"AI Consulting &amp; Strategy\"}]},{\"@type\":\"WebSite\",\"@id\":\"https:\/\/nextgeninteraction.com\/#website\",\"url\":\"https:\/\/nextgeninteraction.com\/\",\"name\":\"NextGen Interaction\",\"description\":\"Customized Management, IT, and Information Security Solutions for Your Business\",\"publisher\":{\"@id\":\"https:\/\/nextgeninteraction.com\/#organization\"},\"potentialAction\":[{\"@type\":\"SearchAction\",\"target\":{\"@type\":\"EntryPoint\",\"urlTemplate\":\"https:\/\/nextgeninteraction.com\/?s={search_term_string}\"},\"query-input\":{\"@type\":\"PropertyValueSpecification\",\"valueRequired\":true,\"valueName\":\"search_term_string\"}}],\"inLanguage\":\"hu\"},{\"@type\":\"Organization\",\"@id\":\"https:\/\/nextgeninteraction.com\/#organization\",\"name\":\"NextGen Interaction Kft.\",\"url\":\"https:\/\/nextgeninteraction.com\/\",\"logo\":{\"@type\":\"ImageObject\",\"inLanguage\":\"hu\",\"@id\":\"https:\/\/nextgeninteraction.com\/#\/schema\/logo\/image\/\",\"url\":\"https:\/\/nextgeninteraction.com\/wp-content\/uploads\/2025\/03\/logo_black-e1741943738748.png\",\"contentUrl\":\"https:\/\/nextgeninteraction.com\/wp-content\/uploads\/2025\/03\/logo_black-e1741943738748.png\",\"width\":290,\"height\":232,\"caption\":\"NextGen Interaction Kft.\"},\"image\":{\"@id\":\"https:\/\/nextgeninteraction.com\/#\/schema\/logo\/image\/\"}}]}<\/script>\n<!-- \/ Yoast SEO plugin. -->","yoast_head_json":{"title":"AI Consulting &amp; Strategy - Customized Management, IT, and Information Security Solutions for Your Business","description":"AI Consulting & Strategy AI Consulting & Strategy Tailored AI roadmaps leveraging advanced tools like LangChain to drive innovation. Unlock the potential","robots":{"index":"index","follow":"follow","max-snippet":"max-snippet:-1","max-image-preview":"max-image-preview:large","max-video-preview":"max-video-preview:-1"},"canonical":"https:\/\/nextgeninteraction.com\/hu\/services\/ai-consulting-strategy\/","og_locale":"hu_HU","og_type":"article","og_title":"AI Consulting &amp; Strategy - Customized Management, IT, and Information Security Solutions for Your Business","og_description":"AI Consulting & Strategy AI Consulting & Strategy Tailored AI roadmaps leveraging advanced tools like LangChain to drive innovation. Unlock the potential","og_url":"https:\/\/nextgeninteraction.com\/hu\/services\/ai-consulting-strategy\/","og_site_name":"NextGen Interaction Kft.","article_modified_time":"2025-05-12T12:34:00+00:00","og_image":[{"width":500,"height":500,"url":"https:\/\/nextgeninteraction.com\/wp-content\/uploads\/2025\/04\/Untitled-design-38.png","type":"image\/png"}],"twitter_card":"summary_large_image","twitter_misc":{"Becs\u00fclt olvas\u00e1si id\u0151":"10 perc"},"schema":{"@context":"https:\/\/schema.org","@graph":[{"@type":"WebPage","@id":"https:\/\/nextgeninteraction.com\/services\/ai-consulting-strategy\/","url":"https:\/\/nextgeninteraction.com\/services\/ai-consulting-strategy\/","name":"AI Consulting &amp; Strategy - Customized Management, IT, and Information Security Solutions for Your Business","isPartOf":{"@id":"https:\/\/nextgeninteraction.com\/#website"},"primaryImageOfPage":{"@id":"https:\/\/nextgeninteraction.com\/services\/ai-consulting-strategy\/#primaryimage"},"image":{"@id":"https:\/\/nextgeninteraction.com\/services\/ai-consulting-strategy\/#primaryimage"},"thumbnailUrl":"https:\/\/nextgeninteraction.com\/wp-content\/uploads\/2025\/04\/Untitled-design-38.png","datePublished":"2025-04-09T11:38:28+00:00","dateModified":"2025-05-12T12:34:00+00:00","description":"AI Consulting & Strategy AI Consulting & Strategy Tailored AI roadmaps leveraging advanced tools like LangChain to drive innovation. Unlock the potential","breadcrumb":{"@id":"https:\/\/nextgeninteraction.com\/services\/ai-consulting-strategy\/#breadcrumb"},"inLanguage":"hu","potentialAction":[{"@type":"ReadAction","target":["https:\/\/nextgeninteraction.com\/services\/ai-consulting-strategy\/"]}]},{"@type":"ImageObject","inLanguage":"hu","@id":"https:\/\/nextgeninteraction.com\/services\/ai-consulting-strategy\/#primaryimage","url":"https:\/\/nextgeninteraction.com\/wp-content\/uploads\/2025\/04\/Untitled-design-38.png","contentUrl":"https:\/\/nextgeninteraction.com\/wp-content\/uploads\/2025\/04\/Untitled-design-38.png"},{"@type":"BreadcrumbList","@id":"https:\/\/nextgeninteraction.com\/services\/ai-consulting-strategy\/#breadcrumb","itemListElement":[{"@type":"ListItem","position":1,"name":"Home","item":"https:\/\/nextgeninteraction.com\/"},{"@type":"ListItem","position":2,"name":"Services","item":"https:\/\/nextgeninteraction.com\/services\/"},{"@type":"ListItem","position":3,"name":"AI Consulting &amp; Strategy"}]},{"@type":"WebSite","@id":"https:\/\/nextgeninteraction.com\/#website","url":"https:\/\/nextgeninteraction.com\/","name":"NextGen Interaction","description":"Customized Management, IT, and Information Security Solutions for Your Business","publisher":{"@id":"https:\/\/nextgeninteraction.com\/#organization"},"potentialAction":[{"@type":"SearchAction","target":{"@type":"EntryPoint","urlTemplate":"https:\/\/nextgeninteraction.com\/?s={search_term_string}"},"query-input":{"@type":"PropertyValueSpecification","valueRequired":true,"valueName":"search_term_string"}}],"inLanguage":"hu"},{"@type":"Organization","@id":"https:\/\/nextgeninteraction.com\/#organization","name":"NextGen Interaction Kft.","url":"https:\/\/nextgeninteraction.com\/","logo":{"@type":"ImageObject","inLanguage":"hu","@id":"https:\/\/nextgeninteraction.com\/#\/schema\/logo\/image\/","url":"https:\/\/nextgeninteraction.com\/wp-content\/uploads\/2025\/03\/logo_black-e1741943738748.png","contentUrl":"https:\/\/nextgeninteraction.com\/wp-content\/uploads\/2025\/03\/logo_black-e1741943738748.png","width":290,"height":232,"caption":"NextGen Interaction Kft."},"image":{"@id":"https:\/\/nextgeninteraction.com\/#\/schema\/logo\/image\/"}}]}},"_links":{"self":[{"href":"https:\/\/nextgeninteraction.com\/hu\/wp-json\/wp\/v2\/pages\/1044","targetHints":{"allow":["GET"]}}],"collection":[{"href":"https:\/\/nextgeninteraction.com\/hu\/wp-json\/wp\/v2\/pages"}],"about":[{"href":"https:\/\/nextgeninteraction.com\/hu\/wp-json\/wp\/v2\/types\/page"}],"author":[{"embeddable":true,"href":"https:\/\/nextgeninteraction.com\/hu\/wp-json\/wp\/v2\/users\/3"}],"replies":[{"embeddable":true,"href":"https:\/\/nextgeninteraction.com\/hu\/wp-json\/wp\/v2\/comments?post=1044"}],"version-history":[{"count":0,"href":"https:\/\/nextgeninteraction.com\/hu\/wp-json\/wp\/v2\/pages\/1044\/revisions"}],"up":[{"embeddable":true,"href":"https:\/\/nextgeninteraction.com\/hu\/wp-json\/wp\/v2\/pages\/96"}],"wp:attachment":[{"href":"https:\/\/nextgeninteraction.com\/hu\/wp-json\/wp\/v2\/media?parent=1044"}],"curies":[{"name":"wp","href":"https:\/\/api.w.org\/{rel}","templated":true}]}}