{"id":1023,"date":"2025-04-09T11:25:37","date_gmt":"2025-04-09T11:25:37","guid":{"rendered":"https:\/\/nextgeninteraction.com\/?page_id=1023"},"modified":"2025-05-12T12:32:53","modified_gmt":"2025-05-12T12:32:53","slug":"threat-intelligence-soc-optimization","status":"publish","type":"page","link":"https:\/\/nextgeninteraction.com\/hu\/services\/threat-intelligence-soc-optimization\/","title":{"rendered":"Threat Intelligence &amp; SOC Optimization\u200b"},"content":{"rendered":"<div data-elementor-type=\"wp-page\" data-elementor-id=\"1023\" class=\"elementor elementor-1023\">\n\t\t\t\t<div class=\"elementor-element elementor-element-7d6e393 twbb_section e-flex e-con-boxed e-con e-parent\" data-id=\"7d6e393\" data-element_type=\"container\" data-e-type=\"container\" data-settings=\"{&quot;background_background&quot;:&quot;classic&quot;,&quot;background_motion_fx_motion_fx_scrolling&quot;:&quot;yes&quot;,&quot;background_motion_fx_scale_effect&quot;:&quot;yes&quot;,&quot;background_motion_fx_scale_speed&quot;:{&quot;unit&quot;:&quot;px&quot;,&quot;size&quot;:7,&quot;sizes&quot;:[]},&quot;background_motion_fx_devices&quot;:[&quot;desktop&quot;],&quot;background_motion_fx_scale_direction&quot;:&quot;out-in&quot;,&quot;background_motion_fx_scale_range&quot;:{&quot;unit&quot;:&quot;%&quot;,&quot;size&quot;:&quot;&quot;,&quot;sizes&quot;:{&quot;start&quot;:20,&quot;end&quot;:80}}}\">\n\t\t\t\t\t<div class=\"e-con-inner\">\n\t\t\t\t<div class=\"elementor-element elementor-element-9c86069 elementor-invisible elementor-widget elementor-widget-heading\" data-id=\"9c86069\" data-element_type=\"widget\" data-e-type=\"widget\" data-settings=\"{&quot;_animation&quot;:&quot;fadeInUp&quot;}\" data-widget_type=\"heading.default\">\n\t\t\t\t<div class=\"elementor-widget-container\">\n\t\t\t\t\t<h2 class=\"elementor-heading-title elementor-size-default\">Threat Intelligence &amp; SOC Optimization\u200b<\/h2>\t\t\t\t<\/div>\n\t\t\t\t<\/div>\n\t\t\t\t\t<\/div>\n\t\t\t\t<\/div>\n\t\t<div class=\"elementor-element elementor-element-4232d55 elementor-hidden-mobile e-flex e-con-boxed e-con e-parent\" data-id=\"4232d55\" data-element_type=\"container\" data-e-type=\"container\">\n\t\t\t\t\t<div class=\"e-con-inner\">\n\t\t\t\t<div class=\"elementor-element elementor-element-cf551c5 elementor-widget elementor-widget-spacer\" data-id=\"cf551c5\" data-element_type=\"widget\" data-e-type=\"widget\" data-widget_type=\"spacer.default\">\n\t\t\t\t<div class=\"elementor-widget-container\">\n\t\t\t\t\t\t\t<div class=\"elementor-spacer\">\n\t\t\t<div class=\"elementor-spacer-inner\"><\/div>\n\t\t<\/div>\n\t\t\t\t\t\t<\/div>\n\t\t\t\t<\/div>\n\t\t\t\t\t<\/div>\n\t\t\t\t<\/div>\n\t\t<div class=\"elementor-element elementor-element-6385cb5 e-flex e-con-boxed e-con e-parent\" data-id=\"6385cb5\" data-element_type=\"container\" data-e-type=\"container\">\n\t\t\t\t\t<div class=\"e-con-inner\">\n\t\t<div class=\"elementor-element elementor-element-4659f84 e-con-full e-flex e-con e-child\" data-id=\"4659f84\" data-element_type=\"container\" data-e-type=\"container\">\n\t\t<div class=\"elementor-element elementor-element-d21b17e e-con-full e-flex e-con e-child\" data-id=\"d21b17e\" data-element_type=\"container\" data-e-type=\"container\">\n\t\t\t\t<div class=\"elementor-element elementor-element-e6681ae elementor-widget elementor-widget-image\" data-id=\"e6681ae\" data-element_type=\"widget\" data-e-type=\"widget\" data-widget_type=\"image.default\">\n\t\t\t\t<div class=\"elementor-widget-container\">\n\t\t\t\t\t\t\t\t\t\t\t\t\t\t\t<img fetchpriority=\"high\" decoding=\"async\" width=\"500\" height=\"500\" src=\"https:\/\/nextgeninteraction.com\/wp-content\/uploads\/2025\/04\/Untitled-design-44.png\" class=\"attachment-large size-large wp-image-1025\" alt=\"\" srcset=\"https:\/\/nextgeninteraction.com\/wp-content\/uploads\/2025\/04\/Untitled-design-44.png 500w, https:\/\/nextgeninteraction.com\/wp-content\/uploads\/2025\/04\/Untitled-design-44-300x300.png 300w, https:\/\/nextgeninteraction.com\/wp-content\/uploads\/2025\/04\/Untitled-design-44-150x150.png 150w, https:\/\/nextgeninteraction.com\/wp-content\/uploads\/2025\/04\/Untitled-design-44-12x12.png 12w\" sizes=\"(max-width: 500px) 100vw, 500px\" \/>\t\t\t\t\t\t\t\t\t\t\t\t\t\t\t<\/div>\n\t\t\t\t<\/div>\n\t\t\t\t<\/div>\n\t\t\t\t<\/div>\n\t\t<div class=\"elementor-element elementor-element-cc6c1ff e-con-full e-flex e-con e-child\" data-id=\"cc6c1ff\" data-element_type=\"container\" data-e-type=\"container\">\n\t\t<div class=\"elementor-element elementor-element-dd24955 e-con-full e-flex e-con e-child\" data-id=\"dd24955\" data-element_type=\"container\" data-e-type=\"container\">\n\t\t\t\t<div class=\"elementor-element elementor-element-da68efb elementor-widget elementor-widget-text-editor\" data-id=\"da68efb\" data-element_type=\"widget\" data-e-type=\"widget\" data-widget_type=\"text-editor.default\">\n\t\t\t\t<div class=\"elementor-widget-container\">\n\t\t\t\t\t\t\t\t\t<p>K\u00e9zzelfoghat\u00f3 inform\u00e1ci\u00f3k \u00e9s optimaliz\u00e1lt biztons\u00e1gi m\u0171k\u00f6d\u00e9s a proakt\u00edv v\u00e9delem \u00e9rdek\u00e9ben.<\/p>\t\t\t\t\t\t\t\t<\/div>\n\t\t\t\t<\/div>\n\t\t\t\t<div class=\"elementor-element elementor-element-e9ab41d elementor-position-inline-start elementor-mobile-position-inline-start elementor-view-default elementor-widget elementor-widget-icon-box\" data-id=\"e9ab41d\" data-element_type=\"widget\" data-e-type=\"widget\" data-widget_type=\"icon-box.default\">\n\t\t\t\t<div class=\"elementor-widget-container\">\n\t\t\t\t\t\t\t<div class=\"elementor-icon-box-wrapper\">\n\n\t\t\t\t\t\t<div class=\"elementor-icon-box-icon\">\n\t\t\t\t<span  class=\"elementor-icon\">\n\t\t\t\t<svg aria-hidden=\"true\" class=\"e-font-icon-svg e-fas-unlock-alt\" viewbox=\"0 0 448 512\" xmlns=\"http:\/\/www.w3.org\/2000\/svg\"><path d=\"M400 256H152V152.9c0-39.6 31.7-72.5 71.3-72.9 40-.4 72.7 32.1 72.7 72v16c0 13.3 10.7 24 24 24h32c13.3 0 24-10.7 24-24v-16C376 68 307.5-.3 223.5 0 139.5.3 72 69.5 72 153.5V256H48c-26.5 0-48 21.5-48 48v160c0 26.5 21.5 48 48 48h352c26.5 0 48-21.5 48-48V304c0-26.5-21.5-48-48-48zM264 408c0 22.1-17.9 40-40 40s-40-17.9-40-40v-48c0-22.1 17.9-40 40-40s40 17.9 40 40v48z\"><\/path><\/svg>\t\t\t\t<\/span>\n\t\t\t<\/div>\n\t\t\t\n\t\t\t\t\t\t<div class=\"elementor-icon-box-content\">\n\n\t\t\t\t\t\t\t\t\t<h3 class=\"elementor-icon-box-title\">\n\t\t\t\t\t\t<span  >\n\t\t\t\t\t\t\t Naprak\u00e9sz fenyegetetts\u00e9gi elemz\u00e9sek\t\t\t\t\t\t<\/span>\n\t\t\t\t\t<\/h3>\n\t\t\t\t\n\t\t\t\t\t\t\t\t\t<p class=\"elementor-icon-box-description\">\n\t\t\t\t\t\tA kiberfenyeget\u00e9sek megel\u0151z\u00e9s\u00e9hez folyamatos megfigyel\u00e9sre \u00e9s alapos elemz\u00e9sre van sz\u00fcks\u00e9g. Szolg\u00e1ltat\u00e1saim r\u00e9v\u00e9n olyan specializ\u00e1lt threat intelligence t\u00e1mogat\u00e1st ny\u00fajtok, amely val\u00f3di, naprak\u00e9sz r\u00e1l\u00e1t\u00e1st biztos\u00edt a fenyeget\u00e9si k\u00f6rnyezetre.\t\t\t\t\t<\/p>\n\t\t\t\t\n\t\t\t<\/div>\n\t\t\t\n\t\t<\/div>\n\t\t\t\t\t\t<\/div>\n\t\t\t\t<\/div>\n\t\t\t\t<div class=\"elementor-element elementor-element-32b9a40 elementor-position-inline-start elementor-mobile-position-inline-start elementor-view-default elementor-widget elementor-widget-icon-box\" data-id=\"32b9a40\" data-element_type=\"widget\" data-e-type=\"widget\" data-widget_type=\"icon-box.default\">\n\t\t\t\t<div class=\"elementor-widget-container\">\n\t\t\t\t\t\t\t<div class=\"elementor-icon-box-wrapper\">\n\n\t\t\t\t\t\t<div class=\"elementor-icon-box-icon\">\n\t\t\t\t<span  class=\"elementor-icon\">\n\t\t\t\t<svg aria-hidden=\"true\" class=\"e-font-icon-svg e-fas-unlock-alt\" viewbox=\"0 0 448 512\" xmlns=\"http:\/\/www.w3.org\/2000\/svg\"><path d=\"M400 256H152V152.9c0-39.6 31.7-72.5 71.3-72.9 40-.4 72.7 32.1 72.7 72v16c0 13.3 10.7 24 24 24h32c13.3 0 24-10.7 24-24v-16C376 68 307.5-.3 223.5 0 139.5.3 72 69.5 72 153.5V256H48c-26.5 0-48 21.5-48 48v160c0 26.5 21.5 48 48 48h352c26.5 0 48-21.5 48-48V304c0-26.5-21.5-48-48-48zM264 408c0 22.1-17.9 40-40 40s-40-17.9-40-40v-48c0-22.1 17.9-40 40-40s40 17.9 40 40v48z\"><\/path><\/svg>\t\t\t\t<\/span>\n\t\t\t<\/div>\n\t\t\t\n\t\t\t\t\t\t<div class=\"elementor-icon-box-content\">\n\n\t\t\t\t\t\t\t\t\t<h3 class=\"elementor-icon-box-title\">\n\t\t\t\t\t\t<span  >\n\t\t\t\t\t\t\tSecurity Operations Center (SOC) t\u00e1mogat\u00e1s\t\t\t\t\t\t<\/span>\n\t\t\t\t\t<\/h3>\n\t\t\t\t\n\t\t\t\t\t\t\t\t\t<p class=\"elementor-icon-box-description\">\n\t\t\t\t\t\tAz \u00edgy nyert inform\u00e1ci\u00f3kat beillesztem a megl\u00e9v\u0151 SOC-folyamataiba, seg\u00edtve a megfigyel\u00e9si \u00e9s v\u00e1laszad\u00e1si strat\u00e9gi\u00e1k fejleszt\u00e9s\u00e9t \u00e9s optimaliz\u00e1l\u00e1s\u00e1t.\t\t\t\t\t<\/p>\n\t\t\t\t\n\t\t\t<\/div>\n\t\t\t\n\t\t<\/div>\n\t\t\t\t\t\t<\/div>\n\t\t\t\t<\/div>\n\t\t\t\t<div class=\"elementor-element elementor-element-bda710c elementor-widget elementor-widget-text-editor\" data-id=\"bda710c\" data-element_type=\"widget\" data-e-type=\"widget\" data-widget_type=\"text-editor.default\">\n\t\t\t\t<div class=\"elementor-widget-container\">\n\t\t\t\t\t\t\t\t\t<p>Megk\u00f6zel\u00edt\u00e9s\u00fcnk a fejlett adatelemz\u00e9st \u00e9s ipar\u00e1gi legjobb gyakorlatokat \u00f6tv\u00f6zi annak \u00e9rdek\u00e9ben, hogy egy ellen\u00e1ll\u00f3, agilis v\u00e9delmi rendszert hozzunk l\u00e9tre \u2013 amely nemcsak a megl\u00e9v\u0151 kock\u00e1zatokat kezeli, hanem a j\u00f6v\u0151beli sebezhet\u0151s\u00e9geket is el\u0151re jelzi \u00e9s megel\u0151zi.<\/p>\t\t\t\t\t\t\t\t<\/div>\n\t\t\t\t<\/div>\n\t\t\t\t<\/div>\n\t\t\t\t<\/div>\n\t\t\t\t\t<\/div>\n\t\t\t\t<\/div>\n\t\t<div class=\"elementor-element elementor-element-3521e98 e-flex e-con-boxed e-con e-parent\" data-id=\"3521e98\" data-element_type=\"container\" data-e-type=\"container\">\n\t\t\t\t\t<div class=\"e-con-inner\">\n\t\t\t\t<div class=\"elementor-element elementor-element-c797aed elementor-widget elementor-widget-spacer\" data-id=\"c797aed\" data-element_type=\"widget\" data-e-type=\"widget\" data-widget_type=\"spacer.default\">\n\t\t\t\t<div class=\"elementor-widget-container\">\n\t\t\t\t\t\t\t<div class=\"elementor-spacer\">\n\t\t\t<div class=\"elementor-spacer-inner\"><\/div>\n\t\t<\/div>\n\t\t\t\t\t\t<\/div>\n\t\t\t\t<\/div>\n\t\t\t\t\t<\/div>\n\t\t\t\t<\/div>\n\t\t\t\t<\/div>","protected":false},"excerpt":{"rendered":"<p>Threat Intelligence &#038; SOC Optimization\u200b Actionable insights and optimized security operations for proactive protection. Up-to-date insights into the threat landscape Staying ahead of cyber threats requires continuous monitoring and robust analysis. I offer specialized services in threat intelligence that provide organizations with up-to-date insights into the threat landscape. Security Operations Center (SOC) By integrating these [&hellip;]<\/p>","protected":false},"author":3,"featured_media":0,"parent":96,"menu_order":0,"comment_status":"closed","ping_status":"closed","template":"","meta":{"two_page_speed":[],"footnotes":""},"class_list":["post-1023","page","type-page","status-publish","hentry"],"yoast_head":"<!-- This site is optimized with the Yoast SEO plugin v25.0 - https:\/\/yoast.com\/wordpress\/plugins\/seo\/ -->\n<title>Threat Intelligence &amp; SOC Optimization\u200b - Customized Management, IT, and Information Security Solutions for Your Business<\/title>\n<meta name=\"description\" content=\"Threat Intelligence &amp; SOC Optimization\u200b Actionable insights and optimized security operations for proactive protection. Up-to-date insights into the\" \/>\n<meta name=\"robots\" content=\"index, follow, max-snippet:-1, max-image-preview:large, max-video-preview:-1\" \/>\n<link rel=\"canonical\" href=\"https:\/\/nextgeninteraction.com\/hu\/services\/threat-intelligence-soc-optimization\/\" \/>\n<meta property=\"og:locale\" content=\"hu_HU\" \/>\n<meta property=\"og:type\" content=\"article\" \/>\n<meta property=\"og:title\" content=\"Threat Intelligence &amp; SOC Optimization\u200b - Customized Management, IT, and Information Security Solutions for Your Business\" \/>\n<meta property=\"og:description\" content=\"Threat Intelligence &amp; SOC Optimization\u200b Actionable insights and optimized security operations for proactive protection. Up-to-date insights into the\" \/>\n<meta property=\"og:url\" content=\"https:\/\/nextgeninteraction.com\/hu\/services\/threat-intelligence-soc-optimization\/\" \/>\n<meta property=\"og:site_name\" content=\"NextGen Interaction Kft.\" \/>\n<meta property=\"article:modified_time\" content=\"2025-05-12T12:32:53+00:00\" \/>\n<meta property=\"og:image\" content=\"https:\/\/nextgeninteraction.com\/wp-content\/uploads\/2025\/04\/Untitled-design-44.png\" \/>\n\t<meta property=\"og:image:width\" content=\"500\" \/>\n\t<meta property=\"og:image:height\" content=\"500\" \/>\n\t<meta property=\"og:image:type\" content=\"image\/png\" \/>\n<meta name=\"twitter:card\" content=\"summary_large_image\" \/>\n<meta name=\"twitter:label1\" content=\"Becs\u00fclt olvas\u00e1si id\u0151\" \/>\n\t<meta name=\"twitter:data1\" content=\"8 perc\" \/>\n<script type=\"application\/ld+json\" class=\"yoast-schema-graph\">{\"@context\":\"https:\/\/schema.org\",\"@graph\":[{\"@type\":\"WebPage\",\"@id\":\"https:\/\/nextgeninteraction.com\/services\/threat-intelligence-soc-optimization\/\",\"url\":\"https:\/\/nextgeninteraction.com\/services\/threat-intelligence-soc-optimization\/\",\"name\":\"Threat Intelligence &amp; SOC Optimization\u200b - Customized Management, IT, and Information Security Solutions for Your Business\",\"isPartOf\":{\"@id\":\"https:\/\/nextgeninteraction.com\/#website\"},\"primaryImageOfPage\":{\"@id\":\"https:\/\/nextgeninteraction.com\/services\/threat-intelligence-soc-optimization\/#primaryimage\"},\"image\":{\"@id\":\"https:\/\/nextgeninteraction.com\/services\/threat-intelligence-soc-optimization\/#primaryimage\"},\"thumbnailUrl\":\"https:\/\/nextgeninteraction.com\/wp-content\/uploads\/2025\/04\/Untitled-design-44.png\",\"datePublished\":\"2025-04-09T11:25:37+00:00\",\"dateModified\":\"2025-05-12T12:32:53+00:00\",\"description\":\"Threat Intelligence & SOC Optimization\u200b Actionable insights and optimized security operations for proactive protection. Up-to-date insights into the\",\"breadcrumb\":{\"@id\":\"https:\/\/nextgeninteraction.com\/services\/threat-intelligence-soc-optimization\/#breadcrumb\"},\"inLanguage\":\"hu\",\"potentialAction\":[{\"@type\":\"ReadAction\",\"target\":[\"https:\/\/nextgeninteraction.com\/services\/threat-intelligence-soc-optimization\/\"]}]},{\"@type\":\"ImageObject\",\"inLanguage\":\"hu\",\"@id\":\"https:\/\/nextgeninteraction.com\/services\/threat-intelligence-soc-optimization\/#primaryimage\",\"url\":\"https:\/\/nextgeninteraction.com\/wp-content\/uploads\/2025\/04\/Untitled-design-44.png\",\"contentUrl\":\"https:\/\/nextgeninteraction.com\/wp-content\/uploads\/2025\/04\/Untitled-design-44.png\"},{\"@type\":\"BreadcrumbList\",\"@id\":\"https:\/\/nextgeninteraction.com\/services\/threat-intelligence-soc-optimization\/#breadcrumb\",\"itemListElement\":[{\"@type\":\"ListItem\",\"position\":1,\"name\":\"Home\",\"item\":\"https:\/\/nextgeninteraction.com\/\"},{\"@type\":\"ListItem\",\"position\":2,\"name\":\"Services\",\"item\":\"https:\/\/nextgeninteraction.com\/services\/\"},{\"@type\":\"ListItem\",\"position\":3,\"name\":\"Threat Intelligence &amp; SOC Optimization\u200b\"}]},{\"@type\":\"WebSite\",\"@id\":\"https:\/\/nextgeninteraction.com\/#website\",\"url\":\"https:\/\/nextgeninteraction.com\/\",\"name\":\"NextGen Interaction\",\"description\":\"Customized Management, IT, and Information Security Solutions for Your Business\",\"publisher\":{\"@id\":\"https:\/\/nextgeninteraction.com\/#organization\"},\"potentialAction\":[{\"@type\":\"SearchAction\",\"target\":{\"@type\":\"EntryPoint\",\"urlTemplate\":\"https:\/\/nextgeninteraction.com\/?s={search_term_string}\"},\"query-input\":{\"@type\":\"PropertyValueSpecification\",\"valueRequired\":true,\"valueName\":\"search_term_string\"}}],\"inLanguage\":\"hu\"},{\"@type\":\"Organization\",\"@id\":\"https:\/\/nextgeninteraction.com\/#organization\",\"name\":\"NextGen Interaction Kft.\",\"url\":\"https:\/\/nextgeninteraction.com\/\",\"logo\":{\"@type\":\"ImageObject\",\"inLanguage\":\"hu\",\"@id\":\"https:\/\/nextgeninteraction.com\/#\/schema\/logo\/image\/\",\"url\":\"https:\/\/nextgeninteraction.com\/wp-content\/uploads\/2025\/03\/logo_black-e1741943738748.png\",\"contentUrl\":\"https:\/\/nextgeninteraction.com\/wp-content\/uploads\/2025\/03\/logo_black-e1741943738748.png\",\"width\":290,\"height\":232,\"caption\":\"NextGen Interaction Kft.\"},\"image\":{\"@id\":\"https:\/\/nextgeninteraction.com\/#\/schema\/logo\/image\/\"}}]}<\/script>\n<!-- \/ Yoast SEO plugin. -->","yoast_head_json":{"title":"Threat Intelligence &amp; SOC Optimization\u200b - Customized Management, IT, and Information Security Solutions for Your Business","description":"Threat Intelligence & SOC Optimization\u200b Actionable insights and optimized security operations for proactive protection. Up-to-date insights into the","robots":{"index":"index","follow":"follow","max-snippet":"max-snippet:-1","max-image-preview":"max-image-preview:large","max-video-preview":"max-video-preview:-1"},"canonical":"https:\/\/nextgeninteraction.com\/hu\/services\/threat-intelligence-soc-optimization\/","og_locale":"hu_HU","og_type":"article","og_title":"Threat Intelligence &amp; SOC Optimization\u200b - Customized Management, IT, and Information Security Solutions for Your Business","og_description":"Threat Intelligence & SOC Optimization\u200b Actionable insights and optimized security operations for proactive protection. Up-to-date insights into the","og_url":"https:\/\/nextgeninteraction.com\/hu\/services\/threat-intelligence-soc-optimization\/","og_site_name":"NextGen Interaction Kft.","article_modified_time":"2025-05-12T12:32:53+00:00","og_image":[{"width":500,"height":500,"url":"https:\/\/nextgeninteraction.com\/wp-content\/uploads\/2025\/04\/Untitled-design-44.png","type":"image\/png"}],"twitter_card":"summary_large_image","twitter_misc":{"Becs\u00fclt olvas\u00e1si id\u0151":"8 perc"},"schema":{"@context":"https:\/\/schema.org","@graph":[{"@type":"WebPage","@id":"https:\/\/nextgeninteraction.com\/services\/threat-intelligence-soc-optimization\/","url":"https:\/\/nextgeninteraction.com\/services\/threat-intelligence-soc-optimization\/","name":"Threat Intelligence &amp; SOC Optimization\u200b - Customized Management, IT, and Information Security Solutions for Your Business","isPartOf":{"@id":"https:\/\/nextgeninteraction.com\/#website"},"primaryImageOfPage":{"@id":"https:\/\/nextgeninteraction.com\/services\/threat-intelligence-soc-optimization\/#primaryimage"},"image":{"@id":"https:\/\/nextgeninteraction.com\/services\/threat-intelligence-soc-optimization\/#primaryimage"},"thumbnailUrl":"https:\/\/nextgeninteraction.com\/wp-content\/uploads\/2025\/04\/Untitled-design-44.png","datePublished":"2025-04-09T11:25:37+00:00","dateModified":"2025-05-12T12:32:53+00:00","description":"Threat Intelligence & SOC Optimization\u200b Actionable insights and optimized security operations for proactive protection. Up-to-date insights into the","breadcrumb":{"@id":"https:\/\/nextgeninteraction.com\/services\/threat-intelligence-soc-optimization\/#breadcrumb"},"inLanguage":"hu","potentialAction":[{"@type":"ReadAction","target":["https:\/\/nextgeninteraction.com\/services\/threat-intelligence-soc-optimization\/"]}]},{"@type":"ImageObject","inLanguage":"hu","@id":"https:\/\/nextgeninteraction.com\/services\/threat-intelligence-soc-optimization\/#primaryimage","url":"https:\/\/nextgeninteraction.com\/wp-content\/uploads\/2025\/04\/Untitled-design-44.png","contentUrl":"https:\/\/nextgeninteraction.com\/wp-content\/uploads\/2025\/04\/Untitled-design-44.png"},{"@type":"BreadcrumbList","@id":"https:\/\/nextgeninteraction.com\/services\/threat-intelligence-soc-optimization\/#breadcrumb","itemListElement":[{"@type":"ListItem","position":1,"name":"Home","item":"https:\/\/nextgeninteraction.com\/"},{"@type":"ListItem","position":2,"name":"Services","item":"https:\/\/nextgeninteraction.com\/services\/"},{"@type":"ListItem","position":3,"name":"Threat Intelligence &amp; SOC Optimization\u200b"}]},{"@type":"WebSite","@id":"https:\/\/nextgeninteraction.com\/#website","url":"https:\/\/nextgeninteraction.com\/","name":"NextGen Interaction","description":"Customized Management, IT, and Information Security Solutions for Your Business","publisher":{"@id":"https:\/\/nextgeninteraction.com\/#organization"},"potentialAction":[{"@type":"SearchAction","target":{"@type":"EntryPoint","urlTemplate":"https:\/\/nextgeninteraction.com\/?s={search_term_string}"},"query-input":{"@type":"PropertyValueSpecification","valueRequired":true,"valueName":"search_term_string"}}],"inLanguage":"hu"},{"@type":"Organization","@id":"https:\/\/nextgeninteraction.com\/#organization","name":"NextGen Interaction Kft.","url":"https:\/\/nextgeninteraction.com\/","logo":{"@type":"ImageObject","inLanguage":"hu","@id":"https:\/\/nextgeninteraction.com\/#\/schema\/logo\/image\/","url":"https:\/\/nextgeninteraction.com\/wp-content\/uploads\/2025\/03\/logo_black-e1741943738748.png","contentUrl":"https:\/\/nextgeninteraction.com\/wp-content\/uploads\/2025\/03\/logo_black-e1741943738748.png","width":290,"height":232,"caption":"NextGen Interaction Kft."},"image":{"@id":"https:\/\/nextgeninteraction.com\/#\/schema\/logo\/image\/"}}]}},"_links":{"self":[{"href":"https:\/\/nextgeninteraction.com\/hu\/wp-json\/wp\/v2\/pages\/1023","targetHints":{"allow":["GET"]}}],"collection":[{"href":"https:\/\/nextgeninteraction.com\/hu\/wp-json\/wp\/v2\/pages"}],"about":[{"href":"https:\/\/nextgeninteraction.com\/hu\/wp-json\/wp\/v2\/types\/page"}],"author":[{"embeddable":true,"href":"https:\/\/nextgeninteraction.com\/hu\/wp-json\/wp\/v2\/users\/3"}],"replies":[{"embeddable":true,"href":"https:\/\/nextgeninteraction.com\/hu\/wp-json\/wp\/v2\/comments?post=1023"}],"version-history":[{"count":0,"href":"https:\/\/nextgeninteraction.com\/hu\/wp-json\/wp\/v2\/pages\/1023\/revisions"}],"up":[{"embeddable":true,"href":"https:\/\/nextgeninteraction.com\/hu\/wp-json\/wp\/v2\/pages\/96"}],"wp:attachment":[{"href":"https:\/\/nextgeninteraction.com\/hu\/wp-json\/wp\/v2\/media?parent=1023"}],"curies":[{"name":"wp","href":"https:\/\/api.w.org\/{rel}","templated":true}]}}