{"id":1005,"date":"2025-04-09T11:17:01","date_gmt":"2025-04-09T11:17:01","guid":{"rendered":"https:\/\/nextgeninteraction.com\/?page_id=1005"},"modified":"2025-05-12T12:32:21","modified_gmt":"2025-05-12T12:32:21","slug":"information-security-consulting","status":"publish","type":"page","link":"https:\/\/nextgeninteraction.com\/hu\/services\/information-security-consulting\/","title":{"rendered":"Information Security Consulting"},"content":{"rendered":"<div data-elementor-type=\"wp-page\" data-elementor-id=\"1005\" class=\"elementor elementor-1005\">\n\t\t\t\t<div class=\"elementor-element elementor-element-d9216ec twbb_section e-flex e-con-boxed e-con e-parent\" data-id=\"d9216ec\" data-element_type=\"container\" data-e-type=\"container\" data-settings=\"{&quot;background_background&quot;:&quot;classic&quot;,&quot;background_motion_fx_motion_fx_scrolling&quot;:&quot;yes&quot;,&quot;background_motion_fx_scale_effect&quot;:&quot;yes&quot;,&quot;background_motion_fx_scale_speed&quot;:{&quot;unit&quot;:&quot;px&quot;,&quot;size&quot;:7,&quot;sizes&quot;:[]},&quot;background_motion_fx_devices&quot;:[&quot;desktop&quot;],&quot;background_motion_fx_scale_direction&quot;:&quot;out-in&quot;,&quot;background_motion_fx_scale_range&quot;:{&quot;unit&quot;:&quot;%&quot;,&quot;size&quot;:&quot;&quot;,&quot;sizes&quot;:{&quot;start&quot;:20,&quot;end&quot;:80}}}\">\n\t\t\t\t\t<div class=\"e-con-inner\">\n\t\t\t\t<div class=\"elementor-element elementor-element-472e11e elementor-invisible elementor-widget elementor-widget-heading\" data-id=\"472e11e\" data-element_type=\"widget\" data-e-type=\"widget\" data-settings=\"{&quot;_animation&quot;:&quot;fadeInUp&quot;}\" data-widget_type=\"heading.default\">\n\t\t\t\t<div class=\"elementor-widget-container\">\n\t\t\t\t\t<h2 class=\"elementor-heading-title elementor-size-default\">Information Security Consulting<\/h2>\t\t\t\t<\/div>\n\t\t\t\t<\/div>\n\t\t\t\t\t<\/div>\n\t\t\t\t<\/div>\n\t\t<div class=\"elementor-element elementor-element-f34d6c9 elementor-hidden-mobile e-flex e-con-boxed e-con e-parent\" data-id=\"f34d6c9\" data-element_type=\"container\" data-e-type=\"container\">\n\t\t\t\t\t<div class=\"e-con-inner\">\n\t\t\t\t<div class=\"elementor-element elementor-element-8e2de47 elementor-widget elementor-widget-spacer\" data-id=\"8e2de47\" data-element_type=\"widget\" data-e-type=\"widget\" data-widget_type=\"spacer.default\">\n\t\t\t\t<div class=\"elementor-widget-container\">\n\t\t\t\t\t\t\t<div class=\"elementor-spacer\">\n\t\t\t<div class=\"elementor-spacer-inner\"><\/div>\n\t\t<\/div>\n\t\t\t\t\t\t<\/div>\n\t\t\t\t<\/div>\n\t\t\t\t\t<\/div>\n\t\t\t\t<\/div>\n\t\t<div class=\"elementor-element elementor-element-c22a588 e-flex e-con-boxed e-con e-parent\" data-id=\"c22a588\" data-element_type=\"container\" data-e-type=\"container\">\n\t\t\t\t\t<div class=\"e-con-inner\">\n\t\t<div class=\"elementor-element elementor-element-77cd7d9 e-con-full e-flex e-con e-child\" data-id=\"77cd7d9\" data-element_type=\"container\" data-e-type=\"container\">\n\t\t<div class=\"elementor-element elementor-element-2651db2 e-con-full e-flex e-con e-child\" data-id=\"2651db2\" data-element_type=\"container\" data-e-type=\"container\">\n\t\t\t\t<div class=\"elementor-element elementor-element-7b605a5 elementor-widget elementor-widget-image\" data-id=\"7b605a5\" data-element_type=\"widget\" data-e-type=\"widget\" data-widget_type=\"image.default\">\n\t\t\t\t<div class=\"elementor-widget-container\">\n\t\t\t\t\t\t\t\t\t\t\t\t\t\t\t<img fetchpriority=\"high\" decoding=\"async\" width=\"613\" height=\"613\" src=\"https:\/\/nextgeninteraction.com\/wp-content\/uploads\/2025\/03\/kek_13.png\" class=\"attachment-large size-large wp-image-443\" alt=\"\" srcset=\"https:\/\/nextgeninteraction.com\/wp-content\/uploads\/2025\/03\/kek_13.png 613w, https:\/\/nextgeninteraction.com\/wp-content\/uploads\/2025\/03\/kek_13-300x300.png 300w, https:\/\/nextgeninteraction.com\/wp-content\/uploads\/2025\/03\/kek_13-150x150.png 150w, https:\/\/nextgeninteraction.com\/wp-content\/uploads\/2025\/03\/kek_13-600x600.png 600w\" sizes=\"(max-width: 613px) 100vw, 613px\" \/>\t\t\t\t\t\t\t\t\t\t\t\t\t\t\t<\/div>\n\t\t\t\t<\/div>\n\t\t\t\t<\/div>\n\t\t\t\t<\/div>\n\t\t<div class=\"elementor-element elementor-element-e95d296 e-con-full e-flex e-con e-child\" data-id=\"e95d296\" data-element_type=\"container\" data-e-type=\"container\">\n\t\t<div class=\"elementor-element elementor-element-bd61282 e-con-full e-flex e-con e-child\" data-id=\"bd61282\" data-element_type=\"container\" data-e-type=\"container\">\n\t\t\t\t<div class=\"elementor-element elementor-element-fba8f4a elementor-widget elementor-widget-text-editor\" data-id=\"fba8f4a\" data-element_type=\"widget\" data-e-type=\"widget\" data-widget_type=\"text-editor.default\">\n\t\t\t\t<div class=\"elementor-widget-container\">\n\t\t\t\t\t\t\t\t\t<p>We ensure businesses maintain a secure and compliant IT environment by implementing robust security frameworks and regulatory standards. Our services focus on risk management, compliance, and cybersecurity resilience.<\/p>\t\t\t\t\t\t\t\t<\/div>\n\t\t\t\t<\/div>\n\t\t\t\t<div class=\"elementor-element elementor-element-2846f18 elementor-position-inline-start elementor-mobile-position-inline-start elementor-view-default elementor-widget elementor-widget-icon-box\" data-id=\"2846f18\" data-element_type=\"widget\" data-e-type=\"widget\" data-widget_type=\"icon-box.default\">\n\t\t\t\t<div class=\"elementor-widget-container\">\n\t\t\t\t\t\t\t<div class=\"elementor-icon-box-wrapper\">\n\n\t\t\t\t\t\t<div class=\"elementor-icon-box-icon\">\n\t\t\t\t<span  class=\"elementor-icon\">\n\t\t\t\t<svg aria-hidden=\"true\" class=\"e-font-icon-svg e-fas-unlock-alt\" viewbox=\"0 0 448 512\" xmlns=\"http:\/\/www.w3.org\/2000\/svg\"><path d=\"M400 256H152V152.9c0-39.6 31.7-72.5 71.3-72.9 40-.4 72.7 32.1 72.7 72v16c0 13.3 10.7 24 24 24h32c13.3 0 24-10.7 24-24v-16C376 68 307.5-.3 223.5 0 139.5.3 72 69.5 72 153.5V256H48c-26.5 0-48 21.5-48 48v160c0 26.5 21.5 48 48 48h352c26.5 0 48-21.5 48-48V304c0-26.5-21.5-48-48-48zM264 408c0 22.1-17.9 40-40 40s-40-17.9-40-40v-48c0-22.1 17.9-40 40-40s40 17.9 40 40v48z\"><\/path><\/svg>\t\t\t\t<\/span>\n\t\t\t<\/div>\n\t\t\t\n\t\t\t\t\t\t<div class=\"elementor-icon-box-content\">\n\n\t\t\t\t\t\t\t\t\t<h3 class=\"elementor-icon-box-title\">\n\t\t\t\t\t\t<span  >\n\t\t\t\t\t\t\tRisk Analysis \t\t\t\t\t\t<\/span>\n\t\t\t\t\t<\/h3>\n\t\t\t\t\n\t\t\t\t\t\t\t\t\t<p class=\"elementor-icon-box-description\">\n\t\t\t\t\t\tIdentifying, assessing, and mitigating IT and business risks.\t\t\t\t\t<\/p>\n\t\t\t\t\n\t\t\t<\/div>\n\t\t\t\n\t\t<\/div>\n\t\t\t\t\t\t<\/div>\n\t\t\t\t<\/div>\n\t\t\t\t<div class=\"elementor-element elementor-element-306bfdc elementor-position-inline-start elementor-mobile-position-inline-start elementor-view-default elementor-widget elementor-widget-icon-box\" data-id=\"306bfdc\" data-element_type=\"widget\" data-e-type=\"widget\" data-widget_type=\"icon-box.default\">\n\t\t\t\t<div class=\"elementor-widget-container\">\n\t\t\t\t\t\t\t<div class=\"elementor-icon-box-wrapper\">\n\n\t\t\t\t\t\t<div class=\"elementor-icon-box-icon\">\n\t\t\t\t<span  class=\"elementor-icon\">\n\t\t\t\t<svg aria-hidden=\"true\" class=\"e-font-icon-svg e-fas-unlock-alt\" viewbox=\"0 0 448 512\" xmlns=\"http:\/\/www.w3.org\/2000\/svg\"><path d=\"M400 256H152V152.9c0-39.6 31.7-72.5 71.3-72.9 40-.4 72.7 32.1 72.7 72v16c0 13.3 10.7 24 24 24h32c13.3 0 24-10.7 24-24v-16C376 68 307.5-.3 223.5 0 139.5.3 72 69.5 72 153.5V256H48c-26.5 0-48 21.5-48 48v160c0 26.5 21.5 48 48 48h352c26.5 0 48-21.5 48-48V304c0-26.5-21.5-48-48-48zM264 408c0 22.1-17.9 40-40 40s-40-17.9-40-40v-48c0-22.1 17.9-40 40-40s40 17.9 40 40v48z\"><\/path><\/svg>\t\t\t\t<\/span>\n\t\t\t<\/div>\n\t\t\t\n\t\t\t\t\t\t<div class=\"elementor-icon-box-content\">\n\n\t\t\t\t\t\t\t\t\t<h3 class=\"elementor-icon-box-title\">\n\t\t\t\t\t\t<span  >\n\t\t\t\t\t\t\tInformation Security Management\t\t\t\t\t\t<\/span>\n\t\t\t\t\t<\/h3>\n\t\t\t\t\n\t\t\t\t\t\t\t\t\t<p class=\"elementor-icon-box-description\">\n\t\t\t\t\t\tDeveloping security controls, processes, and business continuity plans.\t\t\t\t\t<\/p>\n\t\t\t\t\n\t\t\t<\/div>\n\t\t\t\n\t\t<\/div>\n\t\t\t\t\t\t<\/div>\n\t\t\t\t<\/div>\n\t\t\t\t<div class=\"elementor-element elementor-element-5367e69 elementor-position-inline-start elementor-mobile-position-inline-start elementor-view-default elementor-widget elementor-widget-icon-box\" data-id=\"5367e69\" data-element_type=\"widget\" data-e-type=\"widget\" data-widget_type=\"icon-box.default\">\n\t\t\t\t<div class=\"elementor-widget-container\">\n\t\t\t\t\t\t\t<div class=\"elementor-icon-box-wrapper\">\n\n\t\t\t\t\t\t<div class=\"elementor-icon-box-icon\">\n\t\t\t\t<span  class=\"elementor-icon\">\n\t\t\t\t<svg aria-hidden=\"true\" class=\"e-font-icon-svg e-fas-unlock-alt\" viewbox=\"0 0 448 512\" xmlns=\"http:\/\/www.w3.org\/2000\/svg\"><path d=\"M400 256H152V152.9c0-39.6 31.7-72.5 71.3-72.9 40-.4 72.7 32.1 72.7 72v16c0 13.3 10.7 24 24 24h32c13.3 0 24-10.7 24-24v-16C376 68 307.5-.3 223.5 0 139.5.3 72 69.5 72 153.5V256H48c-26.5 0-48 21.5-48 48v160c0 26.5 21.5 48 48 48h352c26.5 0 48-21.5 48-48V304c0-26.5-21.5-48-48-48zM264 408c0 22.1-17.9 40-40 40s-40-17.9-40-40v-48c0-22.1 17.9-40 40-40s40 17.9 40 40v48z\"><\/path><\/svg>\t\t\t\t<\/span>\n\t\t\t<\/div>\n\t\t\t\n\t\t\t\t\t\t<div class=\"elementor-icon-box-content\">\n\n\t\t\t\t\t\t\t\t\t<h3 class=\"elementor-icon-box-title\">\n\t\t\t\t\t\t<span  >\n\t\t\t\t\t\t\tISO 27001 Compliance \t\t\t\t\t\t<\/span>\n\t\t\t\t\t<\/h3>\n\t\t\t\t\n\t\t\t\t\t\t\t\t\t<p class=\"elementor-icon-box-description\">\n\t\t\t\t\t\tIT security assessments and policy frameworks based on international standards.\t\t\t\t\t<\/p>\n\t\t\t\t\n\t\t\t<\/div>\n\t\t\t\n\t\t<\/div>\n\t\t\t\t\t\t<\/div>\n\t\t\t\t<\/div>\n\t\t\t\t<div class=\"elementor-element elementor-element-efcad11 elementor-position-inline-start elementor-mobile-position-inline-start elementor-view-default elementor-widget elementor-widget-icon-box\" data-id=\"efcad11\" data-element_type=\"widget\" data-e-type=\"widget\" data-widget_type=\"icon-box.default\">\n\t\t\t\t<div class=\"elementor-widget-container\">\n\t\t\t\t\t\t\t<div class=\"elementor-icon-box-wrapper\">\n\n\t\t\t\t\t\t<div class=\"elementor-icon-box-icon\">\n\t\t\t\t<span  class=\"elementor-icon\">\n\t\t\t\t<svg aria-hidden=\"true\" class=\"e-font-icon-svg e-fas-unlock-alt\" viewbox=\"0 0 448 512\" xmlns=\"http:\/\/www.w3.org\/2000\/svg\"><path d=\"M400 256H152V152.9c0-39.6 31.7-72.5 71.3-72.9 40-.4 72.7 32.1 72.7 72v16c0 13.3 10.7 24 24 24h32c13.3 0 24-10.7 24-24v-16C376 68 307.5-.3 223.5 0 139.5.3 72 69.5 72 153.5V256H48c-26.5 0-48 21.5-48 48v160c0 26.5 21.5 48 48 48h352c26.5 0 48-21.5 48-48V304c0-26.5-21.5-48-48-48zM264 408c0 22.1-17.9 40-40 40s-40-17.9-40-40v-48c0-22.1 17.9-40 40-40s40 17.9 40 40v48z\"><\/path><\/svg>\t\t\t\t<\/span>\n\t\t\t<\/div>\n\t\t\t\n\t\t\t\t\t\t<div class=\"elementor-icon-box-content\">\n\n\t\t\t\t\t\t\t\t\t<h3 class=\"elementor-icon-box-title\">\n\t\t\t\t\t\t<span  >\n\t\t\t\t\t\t\tNIS2 Compliance \t\t\t\t\t\t<\/span>\n\t\t\t\t\t<\/h3>\n\t\t\t\t\n\t\t\t\t\t\t\t\t\t<p class=\"elementor-icon-box-description\">\n\t\t\t\t\t\tHelping organizations meet the latest EU cybersecurity regulations.\t\t\t\t\t<\/p>\n\t\t\t\t\n\t\t\t<\/div>\n\t\t\t\n\t\t<\/div>\n\t\t\t\t\t\t<\/div>\n\t\t\t\t<\/div>\n\t\t\t\t<div class=\"elementor-element elementor-element-9cc3564 elementor-position-inline-start elementor-mobile-position-inline-start elementor-view-default elementor-widget elementor-widget-icon-box\" data-id=\"9cc3564\" data-element_type=\"widget\" data-e-type=\"widget\" data-widget_type=\"icon-box.default\">\n\t\t\t\t<div class=\"elementor-widget-container\">\n\t\t\t\t\t\t\t<div class=\"elementor-icon-box-wrapper\">\n\n\t\t\t\t\t\t<div class=\"elementor-icon-box-icon\">\n\t\t\t\t<span  class=\"elementor-icon\">\n\t\t\t\t<svg aria-hidden=\"true\" class=\"e-font-icon-svg e-fas-unlock-alt\" viewbox=\"0 0 448 512\" xmlns=\"http:\/\/www.w3.org\/2000\/svg\"><path d=\"M400 256H152V152.9c0-39.6 31.7-72.5 71.3-72.9 40-.4 72.7 32.1 72.7 72v16c0 13.3 10.7 24 24 24h32c13.3 0 24-10.7 24-24v-16C376 68 307.5-.3 223.5 0 139.5.3 72 69.5 72 153.5V256H48c-26.5 0-48 21.5-48 48v160c0 26.5 21.5 48 48 48h352c26.5 0 48-21.5 48-48V304c0-26.5-21.5-48-48-48zM264 408c0 22.1-17.9 40-40 40s-40-17.9-40-40v-48c0-22.1 17.9-40 40-40s40 17.9 40 40v48z\"><\/path><\/svg>\t\t\t\t<\/span>\n\t\t\t<\/div>\n\t\t\t\n\t\t\t\t\t\t<div class=\"elementor-icon-box-content\">\n\n\t\t\t\t\t\t\t\t\t<h3 class=\"elementor-icon-box-title\">\n\t\t\t\t\t\t<span  >\n\t\t\t\t\t\t\tDORA Compliance \t\t\t\t\t\t<\/span>\n\t\t\t\t\t<\/h3>\n\t\t\t\t\n\t\t\t\t\t\t\t\t\t<p class=\"elementor-icon-box-description\">\n\t\t\t\t\t\tStrengthening digital operational resilience for financial sector organizations.\t\t\t\t\t<\/p>\n\t\t\t\t\n\t\t\t<\/div>\n\t\t\t\n\t\t<\/div>\n\t\t\t\t\t\t<\/div>\n\t\t\t\t<\/div>\n\t\t\t\t<\/div>\n\t\t\t\t<\/div>\n\t\t\t\t\t<\/div>\n\t\t\t\t<\/div>\n\t\t<div class=\"elementor-element elementor-element-1833bb0 e-flex e-con-boxed e-con e-parent\" data-id=\"1833bb0\" data-element_type=\"container\" data-e-type=\"container\">\n\t\t\t\t\t<div class=\"e-con-inner\">\n\t\t\t\t<div class=\"elementor-element elementor-element-91c68cb elementor-widget elementor-widget-spacer\" data-id=\"91c68cb\" data-element_type=\"widget\" data-e-type=\"widget\" data-widget_type=\"spacer.default\">\n\t\t\t\t<div class=\"elementor-widget-container\">\n\t\t\t\t\t\t\t<div class=\"elementor-spacer\">\n\t\t\t<div class=\"elementor-spacer-inner\"><\/div>\n\t\t<\/div>\n\t\t\t\t\t\t<\/div>\n\t\t\t\t<\/div>\n\t\t\t\t\t<\/div>\n\t\t\t\t<\/div>\n\t\t\t\t<\/div>","protected":false},"excerpt":{"rendered":"<p>Information Security Consulting We ensure businesses maintain a secure and compliant IT environment by implementing robust security frameworks and regulatory standards. Our services focus on risk management, compliance, and cybersecurity resilience. Risk Analysis Identifying, assessing, and mitigating IT and business risks. Information Security Management Developing security controls, processes, and business continuity plans. ISO 27001 Compliance [&hellip;]<\/p>","protected":false},"author":3,"featured_media":0,"parent":96,"menu_order":0,"comment_status":"closed","ping_status":"closed","template":"","meta":{"two_page_speed":[],"footnotes":""},"class_list":["post-1005","page","type-page","status-publish","hentry"],"yoast_head":"<!-- This site is optimized with the Yoast SEO plugin v25.0 - https:\/\/yoast.com\/wordpress\/plugins\/seo\/ -->\n<title>Information Security Consulting - Customized Management, IT, and Information Security Solutions for Your Business<\/title>\n<meta name=\"description\" content=\"Information Security Consulting We ensure businesses maintain a secure and compliant IT environment by implementing robust security frameworks and\" \/>\n<meta name=\"robots\" content=\"index, follow, max-snippet:-1, max-image-preview:large, max-video-preview:-1\" \/>\n<link rel=\"canonical\" href=\"https:\/\/nextgeninteraction.com\/hu\/services\/information-security-consulting\/\" \/>\n<meta property=\"og:locale\" content=\"hu_HU\" \/>\n<meta property=\"og:type\" content=\"article\" \/>\n<meta property=\"og:title\" content=\"Information Security Consulting - Customized Management, IT, and Information Security Solutions for Your Business\" \/>\n<meta property=\"og:description\" content=\"Information Security Consulting We ensure businesses maintain a secure and compliant IT environment by implementing robust security frameworks and\" \/>\n<meta property=\"og:url\" content=\"https:\/\/nextgeninteraction.com\/hu\/services\/information-security-consulting\/\" \/>\n<meta property=\"og:site_name\" content=\"NextGen Interaction Kft.\" \/>\n<meta property=\"article:modified_time\" content=\"2025-05-12T12:32:21+00:00\" \/>\n<meta property=\"og:image\" content=\"https:\/\/nextgeninteraction.com\/wp-content\/uploads\/2025\/03\/kek_13.png\" \/>\n\t<meta property=\"og:image:width\" content=\"613\" \/>\n\t<meta property=\"og:image:height\" content=\"613\" \/>\n\t<meta property=\"og:image:type\" content=\"image\/png\" \/>\n<meta name=\"twitter:card\" content=\"summary_large_image\" \/>\n<meta name=\"twitter:label1\" content=\"Becs\u00fclt olvas\u00e1si id\u0151\" \/>\n\t<meta name=\"twitter:data1\" content=\"12 perc\" \/>\n<script type=\"application\/ld+json\" class=\"yoast-schema-graph\">{\"@context\":\"https:\/\/schema.org\",\"@graph\":[{\"@type\":\"WebPage\",\"@id\":\"https:\/\/nextgeninteraction.com\/services\/information-security-consulting\/\",\"url\":\"https:\/\/nextgeninteraction.com\/services\/information-security-consulting\/\",\"name\":\"Information Security Consulting - Customized Management, IT, and Information Security Solutions for Your Business\",\"isPartOf\":{\"@id\":\"https:\/\/nextgeninteraction.com\/#website\"},\"primaryImageOfPage\":{\"@id\":\"https:\/\/nextgeninteraction.com\/services\/information-security-consulting\/#primaryimage\"},\"image\":{\"@id\":\"https:\/\/nextgeninteraction.com\/services\/information-security-consulting\/#primaryimage\"},\"thumbnailUrl\":\"https:\/\/nextgeninteraction.com\/wp-content\/uploads\/2025\/03\/kek_13.png\",\"datePublished\":\"2025-04-09T11:17:01+00:00\",\"dateModified\":\"2025-05-12T12:32:21+00:00\",\"description\":\"Information Security Consulting We ensure businesses maintain a secure and compliant IT environment by implementing robust security frameworks and\",\"breadcrumb\":{\"@id\":\"https:\/\/nextgeninteraction.com\/services\/information-security-consulting\/#breadcrumb\"},\"inLanguage\":\"hu\",\"potentialAction\":[{\"@type\":\"ReadAction\",\"target\":[\"https:\/\/nextgeninteraction.com\/services\/information-security-consulting\/\"]}]},{\"@type\":\"ImageObject\",\"inLanguage\":\"hu\",\"@id\":\"https:\/\/nextgeninteraction.com\/services\/information-security-consulting\/#primaryimage\",\"url\":\"https:\/\/nextgeninteraction.com\/wp-content\/uploads\/2025\/03\/kek_13.png\",\"contentUrl\":\"https:\/\/nextgeninteraction.com\/wp-content\/uploads\/2025\/03\/kek_13.png\"},{\"@type\":\"BreadcrumbList\",\"@id\":\"https:\/\/nextgeninteraction.com\/services\/information-security-consulting\/#breadcrumb\",\"itemListElement\":[{\"@type\":\"ListItem\",\"position\":1,\"name\":\"Home\",\"item\":\"https:\/\/nextgeninteraction.com\/\"},{\"@type\":\"ListItem\",\"position\":2,\"name\":\"Services\",\"item\":\"https:\/\/nextgeninteraction.com\/services\/\"},{\"@type\":\"ListItem\",\"position\":3,\"name\":\"Information Security Consulting\"}]},{\"@type\":\"WebSite\",\"@id\":\"https:\/\/nextgeninteraction.com\/#website\",\"url\":\"https:\/\/nextgeninteraction.com\/\",\"name\":\"NextGen Interaction\",\"description\":\"Customized Management, IT, and Information Security Solutions for Your Business\",\"publisher\":{\"@id\":\"https:\/\/nextgeninteraction.com\/#organization\"},\"potentialAction\":[{\"@type\":\"SearchAction\",\"target\":{\"@type\":\"EntryPoint\",\"urlTemplate\":\"https:\/\/nextgeninteraction.com\/?s={search_term_string}\"},\"query-input\":{\"@type\":\"PropertyValueSpecification\",\"valueRequired\":true,\"valueName\":\"search_term_string\"}}],\"inLanguage\":\"hu\"},{\"@type\":\"Organization\",\"@id\":\"https:\/\/nextgeninteraction.com\/#organization\",\"name\":\"NextGen Interaction Kft.\",\"url\":\"https:\/\/nextgeninteraction.com\/\",\"logo\":{\"@type\":\"ImageObject\",\"inLanguage\":\"hu\",\"@id\":\"https:\/\/nextgeninteraction.com\/#\/schema\/logo\/image\/\",\"url\":\"https:\/\/nextgeninteraction.com\/wp-content\/uploads\/2025\/03\/logo_black-e1741943738748.png\",\"contentUrl\":\"https:\/\/nextgeninteraction.com\/wp-content\/uploads\/2025\/03\/logo_black-e1741943738748.png\",\"width\":290,\"height\":232,\"caption\":\"NextGen Interaction Kft.\"},\"image\":{\"@id\":\"https:\/\/nextgeninteraction.com\/#\/schema\/logo\/image\/\"}}]}<\/script>\n<!-- \/ Yoast SEO plugin. -->","yoast_head_json":{"title":"Information Security Consulting - Customized Management, IT, and Information Security Solutions for Your Business","description":"Information Security Consulting We ensure businesses maintain a secure and compliant IT environment by implementing robust security frameworks and","robots":{"index":"index","follow":"follow","max-snippet":"max-snippet:-1","max-image-preview":"max-image-preview:large","max-video-preview":"max-video-preview:-1"},"canonical":"https:\/\/nextgeninteraction.com\/hu\/services\/information-security-consulting\/","og_locale":"hu_HU","og_type":"article","og_title":"Information Security Consulting - Customized Management, IT, and Information Security Solutions for Your Business","og_description":"Information Security Consulting We ensure businesses maintain a secure and compliant IT environment by implementing robust security frameworks and","og_url":"https:\/\/nextgeninteraction.com\/hu\/services\/information-security-consulting\/","og_site_name":"NextGen Interaction Kft.","article_modified_time":"2025-05-12T12:32:21+00:00","og_image":[{"width":613,"height":613,"url":"https:\/\/nextgeninteraction.com\/wp-content\/uploads\/2025\/03\/kek_13.png","type":"image\/png"}],"twitter_card":"summary_large_image","twitter_misc":{"Becs\u00fclt olvas\u00e1si id\u0151":"12 perc"},"schema":{"@context":"https:\/\/schema.org","@graph":[{"@type":"WebPage","@id":"https:\/\/nextgeninteraction.com\/services\/information-security-consulting\/","url":"https:\/\/nextgeninteraction.com\/services\/information-security-consulting\/","name":"Information Security Consulting - Customized Management, IT, and Information Security Solutions for Your Business","isPartOf":{"@id":"https:\/\/nextgeninteraction.com\/#website"},"primaryImageOfPage":{"@id":"https:\/\/nextgeninteraction.com\/services\/information-security-consulting\/#primaryimage"},"image":{"@id":"https:\/\/nextgeninteraction.com\/services\/information-security-consulting\/#primaryimage"},"thumbnailUrl":"https:\/\/nextgeninteraction.com\/wp-content\/uploads\/2025\/03\/kek_13.png","datePublished":"2025-04-09T11:17:01+00:00","dateModified":"2025-05-12T12:32:21+00:00","description":"Information Security Consulting We ensure businesses maintain a secure and compliant IT environment by implementing robust security frameworks and","breadcrumb":{"@id":"https:\/\/nextgeninteraction.com\/services\/information-security-consulting\/#breadcrumb"},"inLanguage":"hu","potentialAction":[{"@type":"ReadAction","target":["https:\/\/nextgeninteraction.com\/services\/information-security-consulting\/"]}]},{"@type":"ImageObject","inLanguage":"hu","@id":"https:\/\/nextgeninteraction.com\/services\/information-security-consulting\/#primaryimage","url":"https:\/\/nextgeninteraction.com\/wp-content\/uploads\/2025\/03\/kek_13.png","contentUrl":"https:\/\/nextgeninteraction.com\/wp-content\/uploads\/2025\/03\/kek_13.png"},{"@type":"BreadcrumbList","@id":"https:\/\/nextgeninteraction.com\/services\/information-security-consulting\/#breadcrumb","itemListElement":[{"@type":"ListItem","position":1,"name":"Home","item":"https:\/\/nextgeninteraction.com\/"},{"@type":"ListItem","position":2,"name":"Services","item":"https:\/\/nextgeninteraction.com\/services\/"},{"@type":"ListItem","position":3,"name":"Information Security Consulting"}]},{"@type":"WebSite","@id":"https:\/\/nextgeninteraction.com\/#website","url":"https:\/\/nextgeninteraction.com\/","name":"NextGen Interaction","description":"Customized Management, IT, and Information Security Solutions for Your Business","publisher":{"@id":"https:\/\/nextgeninteraction.com\/#organization"},"potentialAction":[{"@type":"SearchAction","target":{"@type":"EntryPoint","urlTemplate":"https:\/\/nextgeninteraction.com\/?s={search_term_string}"},"query-input":{"@type":"PropertyValueSpecification","valueRequired":true,"valueName":"search_term_string"}}],"inLanguage":"hu"},{"@type":"Organization","@id":"https:\/\/nextgeninteraction.com\/#organization","name":"NextGen Interaction Kft.","url":"https:\/\/nextgeninteraction.com\/","logo":{"@type":"ImageObject","inLanguage":"hu","@id":"https:\/\/nextgeninteraction.com\/#\/schema\/logo\/image\/","url":"https:\/\/nextgeninteraction.com\/wp-content\/uploads\/2025\/03\/logo_black-e1741943738748.png","contentUrl":"https:\/\/nextgeninteraction.com\/wp-content\/uploads\/2025\/03\/logo_black-e1741943738748.png","width":290,"height":232,"caption":"NextGen Interaction Kft."},"image":{"@id":"https:\/\/nextgeninteraction.com\/#\/schema\/logo\/image\/"}}]}},"_links":{"self":[{"href":"https:\/\/nextgeninteraction.com\/hu\/wp-json\/wp\/v2\/pages\/1005","targetHints":{"allow":["GET"]}}],"collection":[{"href":"https:\/\/nextgeninteraction.com\/hu\/wp-json\/wp\/v2\/pages"}],"about":[{"href":"https:\/\/nextgeninteraction.com\/hu\/wp-json\/wp\/v2\/types\/page"}],"author":[{"embeddable":true,"href":"https:\/\/nextgeninteraction.com\/hu\/wp-json\/wp\/v2\/users\/3"}],"replies":[{"embeddable":true,"href":"https:\/\/nextgeninteraction.com\/hu\/wp-json\/wp\/v2\/comments?post=1005"}],"version-history":[{"count":0,"href":"https:\/\/nextgeninteraction.com\/hu\/wp-json\/wp\/v2\/pages\/1005\/revisions"}],"up":[{"embeddable":true,"href":"https:\/\/nextgeninteraction.com\/hu\/wp-json\/wp\/v2\/pages\/96"}],"wp:attachment":[{"href":"https:\/\/nextgeninteraction.com\/hu\/wp-json\/wp\/v2\/media?parent=1005"}],"curies":[{"name":"wp","href":"https:\/\/api.w.org\/{rel}","templated":true}]}}